{"id":205,"date":"2021-12-01T19:10:26","date_gmt":"2021-12-02T01:10:26","guid":{"rendered":"https:\/\/mrp.com.mx\/realestate\/?page_id=205"},"modified":"2022-12-19T17:38:03","modified_gmt":"2022-12-19T23:38:03","slug":"quienes-somos","status":"publish","type":"page","link":"https:\/\/mrp.com.mx\/realestate\/quienes-somos\/","title":{"rendered":"Qui\u00e9nes Somos"},"content":{"rendered":"\t\t<div data-elementor-type=\"wp-page\" data-elementor-id=\"205\" class=\"elementor elementor-205\" data-elementor-post-type=\"page\">\n\t\t\t\t\t\t<section data-dce-background-image-url=\"https:\/\/mrp.com.mx\/realestate\/wp-content\/uploads\/2022\/03\/header_quienes_somos_1.jpg\" class=\"elementor-section elementor-top-section elementor-element elementor-element-dc7ae52 elementor-section-height-min-height elementor-section-boxed elementor-section-height-default elementor-section-items-middle\" data-id=\"dc7ae52\" data-element_type=\"section\" data-settings=\"{&quot;background_background&quot;:&quot;classic&quot;}\">\n\t\t\t\t\t\t\t<div class=\"elementor-background-overlay\"><\/div>\n\t\t\t\t\t\t\t<div class=\"elementor-container elementor-column-gap-wider\">\n\t\t\t\t\t<div class=\"elementor-column elementor-col-100 elementor-top-column elementor-element elementor-element-7d1c3b07\" data-id=\"7d1c3b07\" data-element_type=\"column\">\n\t\t\t<div class=\"elementor-widget-wrap elementor-element-populated\">\n\t\t\t\t\t\t<div class=\"elementor-element elementor-element-df5a035 elementor-align-right elementor-fixed de_scroll_animation_no elementor-widget elementor-widget-global elementor-global-2399 elementor-widget-button\" data-id=\"df5a035\" data-element_type=\"widget\" data-settings=\"{&quot;_position&quot;:&quot;fixed&quot;}\" data-widget_type=\"button.default\">\n\t\t\t\t<div class=\"elementor-widget-container\">\n\t\t\t\t\t\t\t\t\t<div class=\"elementor-button-wrapper\">\n\t\t\t\t\t<a class=\"elementor-button elementor-button-link elementor-size-md\" href=\"https:\/\/wa.me\/525524038623\" target=\"_blank\">\n\t\t\t\t\t\t<span class=\"elementor-button-content-wrapper\">\n\t\t\t\t\t\t<span class=\"elementor-button-icon\">\n\t\t\t\t<i aria-hidden=\"true\" class=\"icon icon-whatsapp-2\"><\/i>\t\t\t<\/span>\n\t\t\t\t\t\t\t\t<\/span>\n\t\t\t\t\t<\/a>\n\t\t\t\t<\/div>\n\t\t\t\t\t\t\t\t<\/div>\n\t\t\t\t<\/div>\n\t\t\t\t\t<\/div>\n\t\t<\/div>\n\t\t\t\t\t<\/div>\n\t\t<\/section>\n\t\t\t\t<section data-dce-background-color=\"#131317\" class=\"elementor-section elementor-top-section elementor-element elementor-element-6793b1c9 elementor-reverse-mobile elementor-section-boxed elementor-section-height-default elementor-section-height-default\" data-id=\"6793b1c9\" data-element_type=\"section\" data-settings=\"{&quot;background_background&quot;:&quot;classic&quot;}\">\n\t\t\t\t\t\t<div class=\"elementor-container elementor-column-gap-wider\">\n\t\t\t\t\t<div class=\"elementor-column elementor-col-33 elementor-top-column elementor-element elementor-element-156fb692\" data-id=\"156fb692\" data-element_type=\"column\">\n\t\t\t<div class=\"elementor-widget-wrap elementor-element-populated\">\n\t\t\t\t\t\t<div class=\"elementor-element elementor-element-62d005ff de_scroll_animation_no elementor-widget elementor-widget-heading\" data-id=\"62d005ff\" data-element_type=\"widget\" data-settings=\"{&quot;motion_fx_motion_fx_scrolling&quot;:&quot;yes&quot;,&quot;motion_fx_translateY_effect&quot;:&quot;yes&quot;,&quot;motion_fx_translateY_speed&quot;:{&quot;unit&quot;:&quot;px&quot;,&quot;size&quot;:&quot;2.8&quot;,&quot;sizes&quot;:[]},&quot;motion_fx_translateY_affectedRange&quot;:{&quot;unit&quot;:&quot;%&quot;,&quot;size&quot;:&quot;&quot;,&quot;sizes&quot;:{&quot;start&quot;:&quot;15&quot;,&quot;end&quot;:&quot;50&quot;}},&quot;motion_fx_opacity_effect&quot;:&quot;yes&quot;,&quot;motion_fx_opacity_level&quot;:{&quot;unit&quot;:&quot;px&quot;,&quot;size&quot;:&quot;9.4&quot;,&quot;sizes&quot;:[]},&quot;motion_fx_opacity_range&quot;:{&quot;unit&quot;:&quot;%&quot;,&quot;size&quot;:&quot;&quot;,&quot;sizes&quot;:{&quot;start&quot;:&quot;25&quot;,&quot;end&quot;:&quot;47&quot;}},&quot;motion_fx_opacity_direction&quot;:&quot;out-in&quot;,&quot;motion_fx_devices&quot;:[&quot;desktop&quot;,&quot;tablet&quot;,&quot;mobile&quot;]}\" data-widget_type=\"heading.default\">\n\t\t\t\t<div class=\"elementor-widget-container\">\n\t\t\t\t\t<h2 class=\"elementor-heading-title elementor-size-default\">Qui\u00e9nes Somos<\/h2>\t\t\t\t<\/div>\n\t\t\t\t<\/div>\n\t\t\t\t<div class=\"elementor-element elementor-element-aa9e8fd de_scroll_animation_no elementor-widget elementor-widget-spacer\" data-id=\"aa9e8fd\" data-element_type=\"widget\" data-widget_type=\"spacer.default\">\n\t\t\t\t<div class=\"elementor-widget-container\">\n\t\t\t\t\t\t\t<div class=\"elementor-spacer\">\n\t\t\t<div class=\"elementor-spacer-inner\"><\/div>\n\t\t<\/div>\n\t\t\t\t\t\t<\/div>\n\t\t\t\t<\/div>\n\t\t\t\t<div class=\"elementor-element elementor-element-1bdc76e de_scroll_animation_no elementor-widget elementor-widget-text-editor\" data-id=\"1bdc76e\" data-element_type=\"widget\" data-widget_type=\"text-editor.default\">\n\t\t\t\t<div class=\"elementor-widget-container\">\n\t\t\t\t\t\t\t\t\t<p>Fundada en 2003 por Black Creek y socios mexicanos, MRP una empresa enfocada en invertir, desarrollar, adquirir y operar proyectos inmobiliarios. Somos l\u00edderes en la evaluaci\u00f3n, planeaci\u00f3n, financiamiento, estructuraci\u00f3n, adquisici\u00f3n de predios, construcci\u00f3n, comercializaci\u00f3n y ejecuci\u00f3n de las transacciones necesarias para el desarrollo y operaci\u00f3n de proyectos inmobiliarios del pa\u00eds.<\/p>\n\n<p>En la actualidad, el portafolio de MRP est\u00e1 compuesto por activos inmobiliarios en sectores como: centros comerciales, oficinas, usos mixtos, hoteles e industrial, lo que nos hace ser una de las plataformas de administraci\u00f3n de activos m\u00e1s grande del pa\u00eds, al captar recursos con 5 fondos inmobiliarios; los \u00faltimos dos con capital de AFORES a trav\u00e9s de CKD&#8217;s.<\/p>\t\t\t\t\t\t\t\t<\/div>\n\t\t\t\t<\/div>\n\t\t\t\t\t<\/div>\n\t\t<\/div>\n\t\t\t\t<div class=\"elementor-column elementor-col-33 elementor-top-column elementor-element elementor-element-5987d727\" data-id=\"5987d727\" data-element_type=\"column\">\n\t\t\t<div class=\"elementor-widget-wrap\">\n\t\t\t\t\t\t\t<\/div>\n\t\t<\/div>\n\t\t\t\t<div class=\"elementor-column elementor-col-33 elementor-top-column elementor-element elementor-element-398da585\" data-id=\"398da585\" data-element_type=\"column\" data-settings=\"{&quot;background_background&quot;:&quot;classic&quot;}\">\n\t\t\t<div class=\"elementor-widget-wrap elementor-element-populated\">\n\t\t\t\t\t\t<section data-dce-background-image-url=\"https:\/\/mrp.com.mx\/realestate\/wp-content\/uploads\/2021\/12\/img_home_mrp.png\" class=\"elementor-section elementor-inner-section elementor-element elementor-element-14d912c3 elementor-section-height-min-height elementor-section-boxed elementor-section-height-default elementor-invisible\" data-id=\"14d912c3\" data-element_type=\"section\" data-settings=\"{&quot;background_background&quot;:&quot;classic&quot;,&quot;background_motion_fx_motion_fx_scrolling&quot;:&quot;yes&quot;,&quot;background_motion_fx_translateY_effect&quot;:&quot;yes&quot;,&quot;background_motion_fx_translateY_speed&quot;:{&quot;unit&quot;:&quot;px&quot;,&quot;size&quot;:&quot;5&quot;,&quot;sizes&quot;:[]},&quot;animation&quot;:&quot;fadeInRight&quot;,&quot;background_motion_fx_translateY_affectedRange&quot;:{&quot;unit&quot;:&quot;%&quot;,&quot;size&quot;:&quot;&quot;,&quot;sizes&quot;:{&quot;start&quot;:0,&quot;end&quot;:100}},&quot;background_motion_fx_devices&quot;:[&quot;desktop&quot;,&quot;tablet&quot;,&quot;mobile&quot;]}\">\n\t\t\t\t\t\t<div class=\"elementor-container elementor-column-gap-no\">\n\t\t\t\t\t<div data-dce-background-image-url=\"https:\/\/mrp.com.mx\/realestate\/wp-content\/uploads\/2021\/12\/img_home_mrp.png\" class=\"elementor-column elementor-col-100 elementor-inner-column elementor-element elementor-element-7f9b4458 elementor-invisible\" data-id=\"7f9b4458\" data-element_type=\"column\" data-settings=\"{&quot;background_background&quot;:&quot;classic&quot;,&quot;animation&quot;:&quot;fadeInRight&quot;}\">\n\t\t\t<div class=\"elementor-widget-wrap\">\n\t\t\t\t\t\t\t<\/div>\n\t\t<\/div>\n\t\t\t\t\t<\/div>\n\t\t<\/section>\n\t\t\t\t\t<\/div>\n\t\t<\/div>\n\t\t\t\t\t<\/div>\n\t\t<\/section>\n\t\t\t\t<section data-dce-background-overlay-image-url=\"https:\/\/mrp.com.mx\/realestate\/wp-content\/uploads\/2021\/12\/modern-house-exterior-E3A7NAJ-1.jpg\" class=\"elementor-section elementor-top-section elementor-element elementor-element-618fd4c7 elementor-section-boxed elementor-section-height-default elementor-section-height-default\" data-id=\"618fd4c7\" data-element_type=\"section\" data-settings=\"{&quot;background_background&quot;:&quot;classic&quot;}\">\n\t\t\t\t\t\t\t<div class=\"elementor-background-overlay\"><\/div>\n\t\t\t\t\t\t\t<div class=\"elementor-container elementor-column-gap-no\">\n\t\t\t\t\t<div class=\"elementor-column elementor-col-33 elementor-top-column elementor-element elementor-element-5dd03d9e\" data-id=\"5dd03d9e\" data-element_type=\"column\">\n\t\t\t<div class=\"elementor-widget-wrap\">\n\t\t\t\t\t\t\t<\/div>\n\t\t<\/div>\n\t\t\t\t<div class=\"elementor-column elementor-col-33 elementor-top-column elementor-element elementor-element-78ace80\" data-id=\"78ace80\" data-element_type=\"column\">\n\t\t\t<div class=\"elementor-widget-wrap elementor-element-populated\">\n\t\t\t\t\t\t<div class=\"elementor-element elementor-element-8161fa6 de_scroll_animation_no elementor-widget elementor-widget-heading\" data-id=\"8161fa6\" data-element_type=\"widget\" data-widget_type=\"heading.default\">\n\t\t\t\t<div class=\"elementor-widget-container\">\n\t\t\t\t\t<h2 class=\"elementor-heading-title elementor-size-default\">18 a\u00f1os de experiencia, 5 fondos y compromisos por USD 1,450 MM en capital<\/h2>\t\t\t\t<\/div>\n\t\t\t\t<\/div>\n\t\t\t\t\t<\/div>\n\t\t<\/div>\n\t\t\t\t<div class=\"elementor-column elementor-col-33 elementor-top-column elementor-element elementor-element-657f47b\" data-id=\"657f47b\" data-element_type=\"column\">\n\t\t\t<div class=\"elementor-widget-wrap\">\n\t\t\t\t\t\t\t<\/div>\n\t\t<\/div>\n\t\t\t\t\t<\/div>\n\t\t<\/section>\n\t\t\t\t<section class=\"elementor-section elementor-top-section elementor-element elementor-element-418d4281 elementor-section-boxed elementor-section-height-default elementor-section-height-default\" data-id=\"418d4281\" data-element_type=\"section\">\n\t\t\t\t\t\t<div class=\"elementor-container elementor-column-gap-wider\">\n\t\t\t\t\t<div class=\"elementor-column elementor-col-100 elementor-top-column elementor-element elementor-element-75e6a571\" data-id=\"75e6a571\" data-element_type=\"column\">\n\t\t\t<div class=\"elementor-widget-wrap elementor-element-populated\">\n\t\t\t\t\t\t<div class=\"elementor-element elementor-element-19fa1a13 dce_masking-none de_scroll_animation_no elementor-widget elementor-widget-video\" data-id=\"19fa1a13\" data-element_type=\"widget\" data-settings=\"{&quot;youtube_url&quot;:&quot;https:\\\/\\\/youtu.be\\\/3QXXxly17j8&quot;,&quot;show_image_overlay&quot;:&quot;yes&quot;,&quot;image_overlay&quot;:{&quot;url&quot;:&quot;https:\\\/\\\/mrp.com.mx\\\/realestate\\\/wp-content\\\/uploads\\\/2021\\\/12\\\/quienes-somos-video.jpg&quot;,&quot;id&quot;:1274,&quot;size&quot;:&quot;&quot;,&quot;alt&quot;:&quot;&quot;,&quot;source&quot;:&quot;library&quot;},&quot;lightbox&quot;:&quot;yes&quot;,&quot;motion_fx_motion_fx_scrolling&quot;:&quot;yes&quot;,&quot;motion_fx_translateX_effect&quot;:&quot;yes&quot;,&quot;motion_fx_translateX_speed&quot;:{&quot;unit&quot;:&quot;px&quot;,&quot;size&quot;:&quot;0.3&quot;,&quot;sizes&quot;:[]},&quot;motion_fx_translateX_affectedRange&quot;:{&quot;unit&quot;:&quot;%&quot;,&quot;size&quot;:&quot;&quot;,&quot;sizes&quot;:{&quot;start&quot;:&quot;0&quot;,&quot;end&quot;:&quot;55&quot;}},&quot;motion_fx_motion_fx_mouse&quot;:&quot;yes&quot;,&quot;motion_fx_tilt_effect&quot;:&quot;yes&quot;,&quot;motion_fx_tilt_speed&quot;:{&quot;unit&quot;:&quot;px&quot;,&quot;size&quot;:&quot;0.5&quot;,&quot;sizes&quot;:[]},&quot;video_type&quot;:&quot;youtube&quot;,&quot;controls&quot;:&quot;yes&quot;,&quot;motion_fx_devices&quot;:[&quot;desktop&quot;,&quot;tablet&quot;,&quot;mobile&quot;]}\" data-widget_type=\"video.default\">\n\t\t\t\t<div class=\"elementor-widget-container\">\n\t\t\t\t\t\t\t<div class=\"elementor-wrapper elementor-open-lightbox\">\n\t\t\t\t\t\t\t<div class=\"elementor-custom-embed-image-overlay\" data-elementor-open-lightbox=\"yes\" data-elementor-lightbox=\"{&quot;type&quot;:&quot;video&quot;,&quot;videoType&quot;:&quot;youtube&quot;,&quot;url&quot;:&quot;https:\\\/\\\/www.youtube.com\\\/embed\\\/3QXXxly17j8?feature=oembed&amp;start&amp;end&amp;wmode=opaque&amp;loop=0&amp;controls=1&amp;mute=0&amp;rel=0&amp;cc_load_policy=0&quot;,&quot;autoplay&quot;:&quot;&quot;,&quot;modalOptions&quot;:{&quot;id&quot;:&quot;elementor-lightbox-19fa1a13&quot;,&quot;entranceAnimation&quot;:&quot;&quot;,&quot;entranceAnimation_tablet&quot;:&quot;&quot;,&quot;entranceAnimation_mobile&quot;:&quot;&quot;,&quot;videoAspectRatio&quot;:&quot;169&quot;}}\" data-e-action-hash=\"#elementor-action%3Aaction%3Dlightbox%26settings%3DeyJ0eXBlIjoidmlkZW8iLCJ2aWRlb1R5cGUiOiJ5b3V0dWJlIiwidXJsIjoiaHR0cHM6XC9cL3d3dy55b3V0dWJlLmNvbVwvZW1iZWRcLzNRWFh4bHkxN2o4P2ZlYXR1cmU9b2VtYmVkJnN0YXJ0JmVuZCZ3bW9kZT1vcGFxdWUmbG9vcD0wJmNvbnRyb2xzPTEmbXV0ZT0wJnJlbD0wJmNjX2xvYWRfcG9saWN5PTAiLCJhdXRvcGxheSI6IiIsIm1vZGFsT3B0aW9ucyI6eyJpZCI6ImVsZW1lbnRvci1saWdodGJveC0xOWZhMWExMyIsImVudHJhbmNlQW5pbWF0aW9uIjoiIiwiZW50cmFuY2VBbmltYXRpb25fdGFibGV0IjoiIiwiZW50cmFuY2VBbmltYXRpb25fbW9iaWxlIjoiIiwidmlkZW9Bc3BlY3RSYXRpbyI6IjE2OSJ9fQ%3D%3D\">\n\t\t\t\t\t\t\t\t\t\t\t<img decoding=\"async\" data-src=\"https:\/\/mrp.com.mx\/realestate\/wp-content\/uploads\/elementor\/thumbs\/quienes-somos-video-pt46ur3fvmjyu1mb8p6q3mft5fpzolorjvstoevpsc.jpg\" title=\"quienes-somos-video\" alt=\"quienes-somos-video\" src=\"data:image\/svg+xml;base64,PHN2ZyB3aWR0aD0iMSIgaGVpZ2h0PSIxIiB4bWxucz0iaHR0cDovL3d3dy53My5vcmcvMjAwMC9zdmciPjwvc3ZnPg==\" class=\"lazyload\" style=\"--smush-placeholder-width: 2100px; --smush-placeholder-aspect-ratio: 2100\/750;\" \/>\t\t\t\t\t\t\t\t\t\t\t\t\t\t\t\t<div class=\"elementor-custom-embed-play\" role=\"button\" aria-label=\"Reproducir v\u00eddeo\" tabindex=\"0\">\n\t\t\t\t\t\t\t<i aria-hidden=\"true\" class=\"eicon-play\"><\/i>\t\t\t\t\t\t<\/div>\n\t\t\t\t\t\t\t\t\t<\/div>\n\t\t\t\t\t<\/div>\n\t\t\t\t\t\t<\/div>\n\t\t\t\t<\/div>\n\t\t\t\t\t<\/div>\n\t\t<\/div>\n\t\t\t\t\t<\/div>\n\t\t<\/section>\n\t\t\t\t<\/div>\n\t\t","protected":false},"excerpt":{"rendered":"<p>Qui\u00e9nes Somos Fundada en 2003 por Black Creek y socios mexicanos, MRP una empresa enfocada en invertir, desarrollar, adquirir y operar proyectos inmobiliarios. Somos l\u00edderes en la evaluaci\u00f3n, planeaci\u00f3n, financiamiento, estructuraci\u00f3n, adquisici\u00f3n de predios, construcci\u00f3n, comercializaci\u00f3n y ejecuci\u00f3n de las transacciones necesarias para el desarrollo y operaci\u00f3n de proyectos inmobiliarios del pa\u00eds. En la actualidad, [&hellip;]<\/p>\n","protected":false},"author":1,"featured_media":6406,"parent":0,"menu_order":0,"comment_status":"closed","ping_status":"closed","template":"","meta":{"footnotes":""},"class_list":["post-205","page","type-page","status-publish","has-post-thumbnail","hentry"],"yoast_head":"<!-- This site is optimized with the Yoast SEO plugin v25.9 - https:\/\/yoast.com\/wordpress\/plugins\/seo\/ -->\n<title>Qui\u00e9nes Somos - MRP<\/title>\n<meta name=\"description\" content=\"Fundada en 2003 por Black Creek y socios mexicanos, MRP una empresa enfocada en invertir, desarrollar, adquirir y operar proyectos...\" \/>\n<meta name=\"robots\" content=\"index, follow, max-snippet:-1, max-image-preview:large, max-video-preview:-1\" \/>\n<link rel=\"canonical\" href=\"https:\/\/mrp.com.mx\/realestate\/quienes-somos\/\" \/>\n<meta property=\"og:locale\" content=\"es_ES\" \/>\n<meta property=\"og:type\" content=\"article\" \/>\n<meta property=\"og:title\" content=\"Qui\u00e9nes Somos - MRP\" \/>\n<meta property=\"og:description\" content=\"Fundada en 2003 por Black Creek y socios mexicanos, MRP una empresa enfocada en invertir, desarrollar, adquirir y operar proyectos...\" \/>\n<meta property=\"og:url\" content=\"https:\/\/mrp.com.mx\/realestate\/quienes-somos\/\" \/>\n<meta property=\"og:site_name\" content=\"MRP\" \/>\n<meta property=\"article:modified_time\" content=\"2022-12-19T23:38:03+00:00\" \/>\n<meta property=\"og:image\" content=\"https:\/\/mrp.com.mx\/realestate\/wp-content\/uploads\/2022\/03\/header_quienes_somos_1.jpg\" \/>\n\t<meta property=\"og:image:width\" content=\"2100\" \/>\n\t<meta property=\"og:image:height\" content=\"834\" \/>\n\t<meta property=\"og:image:type\" content=\"image\/jpeg\" \/>\n<meta name=\"twitter:card\" content=\"summary_large_image\" \/>\n<meta name=\"twitter:label1\" content=\"Tiempo de lectura\" \/>\n\t<meta name=\"twitter:data1\" content=\"1 minuto\" \/>\n<script type=\"application\/ld+json\" class=\"yoast-schema-graph\">{\"@context\":\"https:\/\/schema.org\",\"@graph\":[{\"@type\":\"WebPage\",\"@id\":\"https:\/\/mrp.com.mx\/realestate\/quienes-somos\/\",\"url\":\"https:\/\/mrp.com.mx\/realestate\/quienes-somos\/\",\"name\":\"Qui\u00e9nes Somos - MRP\",\"isPartOf\":{\"@id\":\"https:\/\/mrp.com.mx\/realestate\/#website\"},\"primaryImageOfPage\":{\"@id\":\"https:\/\/mrp.com.mx\/realestate\/quienes-somos\/#primaryimage\"},\"image\":{\"@id\":\"https:\/\/mrp.com.mx\/realestate\/quienes-somos\/#primaryimage\"},\"thumbnailUrl\":\"https:\/\/mrp.com.mx\/realestate\/wp-content\/uploads\/2022\/03\/header_quienes_somos_1.jpg\",\"datePublished\":\"2021-12-02T01:10:26+00:00\",\"dateModified\":\"2022-12-19T23:38:03+00:00\",\"description\":\"Fundada en 2003 por Black Creek y socios mexicanos, MRP una empresa enfocada en invertir, desarrollar, adquirir y operar proyectos...\",\"breadcrumb\":{\"@id\":\"https:\/\/mrp.com.mx\/realestate\/quienes-somos\/#breadcrumb\"},\"inLanguage\":\"es\",\"potentialAction\":[{\"@type\":\"ReadAction\",\"target\":[\"https:\/\/mrp.com.mx\/realestate\/quienes-somos\/\"]}]},{\"@type\":\"ImageObject\",\"inLanguage\":\"es\",\"@id\":\"https:\/\/mrp.com.mx\/realestate\/quienes-somos\/#primaryimage\",\"url\":\"https:\/\/mrp.com.mx\/realestate\/wp-content\/uploads\/2022\/03\/header_quienes_somos_1.jpg\",\"contentUrl\":\"https:\/\/mrp.com.mx\/realestate\/wp-content\/uploads\/2022\/03\/header_quienes_somos_1.jpg\",\"width\":2100,\"height\":834},{\"@type\":\"BreadcrumbList\",\"@id\":\"https:\/\/mrp.com.mx\/realestate\/quienes-somos\/#breadcrumb\",\"itemListElement\":[{\"@type\":\"ListItem\",\"position\":1,\"name\":\"Portada\",\"item\":\"https:\/\/mrp.com.mx\/realestate\/\"},{\"@type\":\"ListItem\",\"position\":2,\"name\":\"Qui\u00e9nes Somos\"}]},{\"@type\":\"WebSite\",\"@id\":\"https:\/\/mrp.com.mx\/realestate\/#website\",\"url\":\"https:\/\/mrp.com.mx\/realestate\/\",\"name\":\"MRP\",\"description\":\"L\u00edderes en el desarrollo y operaci\u00f3n de proyectos inmobiliarios\",\"publisher\":{\"@id\":\"https:\/\/mrp.com.mx\/realestate\/#organization\"},\"potentialAction\":[{\"@type\":\"SearchAction\",\"target\":{\"@type\":\"EntryPoint\",\"urlTemplate\":\"https:\/\/mrp.com.mx\/realestate\/?s={search_term_string}\"},\"query-input\":{\"@type\":\"PropertyValueSpecification\",\"valueRequired\":true,\"valueName\":\"search_term_string\"}}],\"inLanguage\":\"es\"},{\"@type\":\"Organization\",\"@id\":\"https:\/\/mrp.com.mx\/realestate\/#organization\",\"name\":\"MRP\",\"url\":\"https:\/\/mrp.com.mx\/realestate\/\",\"logo\":{\"@type\":\"ImageObject\",\"inLanguage\":\"es\",\"@id\":\"https:\/\/mrp.com.mx\/realestate\/#\/schema\/logo\/image\/\",\"url\":\"https:\/\/mrp.com.mx\/realestate\/wp-content\/uploads\/2021\/12\/logo-MRP-blanco-110x110-1.png\",\"contentUrl\":\"https:\/\/mrp.com.mx\/realestate\/wp-content\/uploads\/2021\/12\/logo-MRP-blanco-110x110-1.png\",\"width\":110,\"height\":110,\"caption\":\"MRP\"},\"image\":{\"@id\":\"https:\/\/mrp.com.mx\/realestate\/#\/schema\/logo\/image\/\"}}]}<\/script>\n<!-- \/ Yoast SEO plugin. -->","yoast_head_json":{"title":"Qui\u00e9nes Somos - MRP","description":"Fundada en 2003 por Black Creek y socios mexicanos, MRP una empresa enfocada en invertir, desarrollar, adquirir y operar proyectos...","robots":{"index":"index","follow":"follow","max-snippet":"max-snippet:-1","max-image-preview":"max-image-preview:large","max-video-preview":"max-video-preview:-1"},"canonical":"https:\/\/mrp.com.mx\/realestate\/quienes-somos\/","og_locale":"es_ES","og_type":"article","og_title":"Qui\u00e9nes Somos - MRP","og_description":"Fundada en 2003 por Black Creek y socios mexicanos, MRP una empresa enfocada en invertir, desarrollar, adquirir y operar proyectos...","og_url":"https:\/\/mrp.com.mx\/realestate\/quienes-somos\/","og_site_name":"MRP","article_modified_time":"2022-12-19T23:38:03+00:00","og_image":[{"width":2100,"height":834,"url":"https:\/\/mrp.com.mx\/realestate\/wp-content\/uploads\/2022\/03\/header_quienes_somos_1.jpg","type":"image\/jpeg"}],"twitter_card":"summary_large_image","twitter_misc":{"Tiempo de lectura":"1 minuto"},"schema":{"@context":"https:\/\/schema.org","@graph":[{"@type":"WebPage","@id":"https:\/\/mrp.com.mx\/realestate\/quienes-somos\/","url":"https:\/\/mrp.com.mx\/realestate\/quienes-somos\/","name":"Qui\u00e9nes Somos - MRP","isPartOf":{"@id":"https:\/\/mrp.com.mx\/realestate\/#website"},"primaryImageOfPage":{"@id":"https:\/\/mrp.com.mx\/realestate\/quienes-somos\/#primaryimage"},"image":{"@id":"https:\/\/mrp.com.mx\/realestate\/quienes-somos\/#primaryimage"},"thumbnailUrl":"https:\/\/mrp.com.mx\/realestate\/wp-content\/uploads\/2022\/03\/header_quienes_somos_1.jpg","datePublished":"2021-12-02T01:10:26+00:00","dateModified":"2022-12-19T23:38:03+00:00","description":"Fundada en 2003 por Black Creek y socios mexicanos, MRP una empresa enfocada en invertir, desarrollar, adquirir y operar proyectos...","breadcrumb":{"@id":"https:\/\/mrp.com.mx\/realestate\/quienes-somos\/#breadcrumb"},"inLanguage":"es","potentialAction":[{"@type":"ReadAction","target":["https:\/\/mrp.com.mx\/realestate\/quienes-somos\/"]}]},{"@type":"ImageObject","inLanguage":"es","@id":"https:\/\/mrp.com.mx\/realestate\/quienes-somos\/#primaryimage","url":"https:\/\/mrp.com.mx\/realestate\/wp-content\/uploads\/2022\/03\/header_quienes_somos_1.jpg","contentUrl":"https:\/\/mrp.com.mx\/realestate\/wp-content\/uploads\/2022\/03\/header_quienes_somos_1.jpg","width":2100,"height":834},{"@type":"BreadcrumbList","@id":"https:\/\/mrp.com.mx\/realestate\/quienes-somos\/#breadcrumb","itemListElement":[{"@type":"ListItem","position":1,"name":"Portada","item":"https:\/\/mrp.com.mx\/realestate\/"},{"@type":"ListItem","position":2,"name":"Qui\u00e9nes Somos"}]},{"@type":"WebSite","@id":"https:\/\/mrp.com.mx\/realestate\/#website","url":"https:\/\/mrp.com.mx\/realestate\/","name":"MRP","description":"L\u00edderes en el desarrollo y operaci\u00f3n de proyectos inmobiliarios","publisher":{"@id":"https:\/\/mrp.com.mx\/realestate\/#organization"},"potentialAction":[{"@type":"SearchAction","target":{"@type":"EntryPoint","urlTemplate":"https:\/\/mrp.com.mx\/realestate\/?s={search_term_string}"},"query-input":{"@type":"PropertyValueSpecification","valueRequired":true,"valueName":"search_term_string"}}],"inLanguage":"es"},{"@type":"Organization","@id":"https:\/\/mrp.com.mx\/realestate\/#organization","name":"MRP","url":"https:\/\/mrp.com.mx\/realestate\/","logo":{"@type":"ImageObject","inLanguage":"es","@id":"https:\/\/mrp.com.mx\/realestate\/#\/schema\/logo\/image\/","url":"https:\/\/mrp.com.mx\/realestate\/wp-content\/uploads\/2021\/12\/logo-MRP-blanco-110x110-1.png","contentUrl":"https:\/\/mrp.com.mx\/realestate\/wp-content\/uploads\/2021\/12\/logo-MRP-blanco-110x110-1.png","width":110,"height":110,"caption":"MRP"},"image":{"@id":"https:\/\/mrp.com.mx\/realestate\/#\/schema\/logo\/image\/"}}]}},"_links":{"self":[{"href":"https:\/\/mrp.com.mx\/realestate\/wp-json\/wp\/v2\/pages\/205","targetHints":{"allow":["GET"]}}],"collection":[{"href":"https:\/\/mrp.com.mx\/realestate\/wp-json\/wp\/v2\/pages"}],"about":[{"href":"https:\/\/mrp.com.mx\/realestate\/wp-json\/wp\/v2\/types\/page"}],"author":[{"embeddable":true,"href":"https:\/\/mrp.com.mx\/realestate\/wp-json\/wp\/v2\/users\/1"}],"replies":[{"embeddable":true,"href":"https:\/\/mrp.com.mx\/realestate\/wp-json\/wp\/v2\/comments?post=205"}],"version-history":[{"count":188,"href":"https:\/\/mrp.com.mx\/realestate\/wp-json\/wp\/v2\/pages\/205\/revisions"}],"predecessor-version":[{"id":9685,"href":"https:\/\/mrp.com.mx\/realestate\/wp-json\/wp\/v2\/pages\/205\/revisions\/9685"}],"wp:featuredmedia":[{"embeddable":true,"href":"https:\/\/mrp.com.mx\/realestate\/wp-json\/wp\/v2\/media\/6406"}],"wp:attachment":[{"href":"https:\/\/mrp.com.mx\/realestate\/wp-json\/wp\/v2\/media?parent=205"}],"curies":[{"name":"wp","href":"https:\/\/api.w.org\/{rel}","templated":true}]}}