{"id":3,"date":"2021-11-30T13:44:01","date_gmt":"2021-11-30T19:44:01","guid":{"rendered":"https:\/\/mrp.com.mx\/realestate\/?page_id=3"},"modified":"2022-08-05T12:27:44","modified_gmt":"2022-08-05T18:27:44","slug":"aviso-privacidad","status":"publish","type":"page","link":"https:\/\/mrp.com.mx\/realestate\/aviso-privacidad\/","title":{"rendered":"Aviso de privacidad"},"content":{"rendered":"\t\t<div data-elementor-type=\"wp-page\" data-elementor-id=\"3\" class=\"elementor elementor-3\" data-elementor-post-type=\"page\">\n\t\t\t\t\t\t<section class=\"elementor-section elementor-top-section elementor-element elementor-element-957a645 elementor-section-boxed elementor-section-height-default elementor-section-height-default\" data-id=\"957a645\" data-element_type=\"section\">\n\t\t\t\t\t\t<div class=\"elementor-container elementor-column-gap-default\">\n\t\t\t\t\t<div class=\"elementor-column elementor-col-100 elementor-top-column elementor-element elementor-element-37af3f01\" data-id=\"37af3f01\" data-element_type=\"column\">\n\t\t\t<div class=\"elementor-widget-wrap elementor-element-populated\">\n\t\t\t\t\t\t<div class=\"elementor-element elementor-element-3107307 elementor-align-right elementor-fixed de_scroll_animation_no elementor-widget elementor-widget-global elementor-global-2399 elementor-widget-button\" data-id=\"3107307\" data-element_type=\"widget\" data-settings=\"{&quot;_position&quot;:&quot;fixed&quot;}\" data-widget_type=\"button.default\">\n\t\t\t\t<div class=\"elementor-widget-container\">\n\t\t\t\t\t\t\t\t\t<div class=\"elementor-button-wrapper\">\n\t\t\t\t\t<a class=\"elementor-button elementor-button-link elementor-size-md\" href=\"https:\/\/wa.me\/525524038623\" target=\"_blank\">\n\t\t\t\t\t\t<span class=\"elementor-button-content-wrapper\">\n\t\t\t\t\t\t<span class=\"elementor-button-icon\">\n\t\t\t\t<i aria-hidden=\"true\" class=\"icon icon-whatsapp-2\"><\/i>\t\t\t<\/span>\n\t\t\t\t\t\t\t\t<\/span>\n\t\t\t\t\t<\/a>\n\t\t\t\t<\/div>\n\t\t\t\t\t\t\t\t<\/div>\n\t\t\t\t<\/div>\n\t\t\t\t<div class=\"elementor-element elementor-element-7a4ff48f de_scroll_animation_no elementor-widget elementor-widget-text-editor\" data-id=\"7a4ff48f\" data-element_type=\"widget\" data-widget_type=\"text-editor.default\">\n\t\t\t\t<div class=\"elementor-widget-container\">\n\t\t\t\t\t\t\t\t\t<p><\/p>\n<h4 class=\"wp-block-heading\">AVISO DE PRIVACIDAD MRP CKD<\/h4>\n<p><\/p>\n<p><\/p>\n<p>La protecci\u00f3n de sus datos personales es muy importante para MRP CKD, S. de R.L. de C.V. (en lo sucesivo \u201cMRP CKD\u201d), raz\u00f3n por la cual, este AVISO DE PRIVACIDAD, elaborado para dar cumplimiento a la LEY FEDERAL DE PROTECCI\u00d3N DE DATOS PERSONALES EN POSESI\u00d3N DE LOS PARTICULARES (la \u201cLey\u201d), tiene como fin informarle el tipo de datos personales que recabamos de Usted, c\u00f3mo los usamos, manejamos y aprovechamos, y con quien los compartimos.<\/p>\n<p><\/p>\n<p><\/p>\n<div>\n<h6 class=\"wp-block-heading\"><strong>1. \u00bfQui\u00e9n es el Responsable de sus Datos Personales? <\/strong><\/h6>\n<p><\/p>\n<p><\/p>\n<p>Los Datos Personales, Financieros y Patrimoniales solicitados, son tratados y usados por MRP CKD con domicilio en Paseo de Tamarindos 90, Torre II Piso 3, Col. Bosques de las Lomas, Alcald\u00eda Cuajimalpa de Morelos, C.P. 05120, Ciudad de M\u00e9xico y hace de su conocimiento que los datos personales de usted, incluyendo los sensibles, que actualmente o en el futuro obren en nuestras bases de datos, ser\u00e1n tratados y\/o utilizados por: MRP CKDy\/o las empresas controladoras de \u00e9sta \u00faltima y\/o nuestras empresas filiales y\/o subsidiarias y\/o aquellos terceros que, por la naturaleza de sus trabajos o funciones tengan la necesidad de tratar y\/o utilizar sus datos personales; con el prop\u00f3sito de cumplir aquellas obligaciones que se derivan de la relaci\u00f3n jur\u00eddica existente entre usted como titular de los datos personales y las empresas antes se\u00f1aladas.<\/p>\n<p>MRP CKD podr\u00e1 transferir los datos personales que obren en sus bases de datos a cualesquiera de las empresas controladoras de \u00e9sta \u00faltima y\/o a sus empresas filiales y\/o subsidiarias e incluso a terceras personas, nacionales o extranjeras, salvo que los titulares respectivos manifiesten expresamente su oposici\u00f3n, en t\u00e9rminos de lo dispuesto por la la Ley.<\/p>\n<\/div>\n<p><\/p>\n<p><\/p>\n<div>\n<h6 class=\"wp-block-heading\"><strong>2. \u00bfQu\u00e9 datos personales, financieros y patrimoniales recabamos de usted?<\/strong><\/h6>\n<p><\/p>\n<p><\/p>\n<p>Como arrendatario, cliente, prestador de servicios o proveedor le podemos solicitar informaci\u00f3n personal, que var\u00eda seg\u00fan el caso, relativa a:<\/p>\n<ul>\n<li>Su nombre, direcci\u00f3n, fecha de nacimiento.<\/li>\n<li>Su correo electr\u00f3nico y n\u00famero telef\u00f3nico.<\/li>\n<li>Sus datos patrimoniales como cuentas bancarias, cr\u00e9ditos, bienes muebles e inmuebles, activos, pasivos, entre otros.<\/li>\n<li>Informaci\u00f3n sobre su estado civil, c\u00f3nyuge, herederos, legatarios y beneficiarios.<\/li>\n<li>Comprobantes oficiales que acrediten su identidad y la informaci\u00f3n que Usted declara, (copia simple en formato impreso o electr\u00f3nico de su credencial de elector, pasaporte o FM-3) o, en su caso, la representaci\u00f3n legal del Titular (copia simple en formato impreso o electr\u00f3nico de la carta poder simple con firma aut\u00f3grafa del Titular, el mandatario y sus correspondientes identificaciones oficiales \u2013 credencial de elector, pasaporte o FM-3).<\/li>\n<li>Su RFC y CURP.<\/li>\n<\/ul>\n<\/div>\n<p><\/p>\n<p><\/p>\n<div>\n<h6 class=\"wp-block-heading\"><strong>3. \u00bfPara qu\u00e9 usamos sus datos personales?<\/strong><\/h6>\n<p><\/p>\n<p><\/p>\n<p>MRP CKD recaba y usa sus datos personales para el cumplimiento de las siguientes finalidades:<\/p>\n<ul>\n<li>Confirmar su identidad.<\/li>\n<li>Entender y atender sus necesidades de car\u00e1cter comercial.<\/li>\n<li>Otorgar seguridad y certeza jur\u00eddicas a los hechos y actos que celebra, como pueden ser operaciones traslativas de dominio relativas a compraventas, contratos promesa, contratos de arrendamiento, contratos de prestaci\u00f3n de servicios y o cualesquier otros documentos necesarios para la finalidad por la cual se acercaron a MRP CKD.<\/li>\n<li>Archivo de registros y expedientes de la relaci\u00f3n contractual para seguimiento de servicios futuros.<\/li>\n<li>Elaborar los instrumentos jur\u00eddicos de su inter\u00e9s.<\/li>\n<li>Cumplir con los requerimientos legales que le son aplicables.<\/li>\n<li>Verificar la informaci\u00f3n que nos proporciona.<\/li>\n<li>Dar cumplimiento a las disposiciones relativas en la legislaci\u00f3n vigente y aplicable.<\/li>\n<\/ul>\n<p><\/p>\n<p><\/p>\n<p>Tambi\u00e9n podremos tratar sus Datos Personales con las finalidades secundarias que a continuaci\u00f3n se enlistan. En caso de no estar de acuerdo con alguna de ellas, ser\u00e1 necesario que as\u00ed lo indique:<\/p>\n<ul>\n<li>Conocer sus h\u00e1bitos de consumo, gustos y preferencias con la finalidad de ofrecerle aquellos productos que se adecuen a ellos;<\/li>\n<li>Enviarle promociones, publicidad y cupones de descuentos nuestros productos, as\u00ed como de aquellos productos de las empresas con las que tenemos relaci\u00f3n corporativa;<\/li>\n<li>Elaborar estudios de mercadotecnia, segmentaci\u00f3n de mercado y estad\u00edsticas;<\/li>\n<li>Invitarlo a participar en nuestros concursos o sorteos y actividades en redes sociales.<\/li>\n<\/ul>\n<p><\/p>\n<p><\/p>\n<p>Le informamos que podr\u00e1 manifestar su negativa para el tratamiento de sus Datos Personales en un plazo de 5 d\u00edas h\u00e1biles despu\u00e9s de haber le\u00eddo el presente Aviso de Privacidad. Podr\u00e1 manifestar su derecho de revocaci\u00f3n a trav\u00e9s del siguiente correo electr\u00f3nico: privacidad@mrp.com.mx.<\/p>\n<p>No venderemos o alquilaremos sus Datos Personales. Le informamos que podremos llegar a transferir sus Datos Personales con empresas nacionales e internacionales, del mismo grupo como, subsidiarias, filiales, afiliadas, controladas o controladoras de MRP CKD, as\u00ed como con empresas que nos apoyen para realizar estudios de mercadotecnia, segmentaci\u00f3n de mercado, estad\u00edsticas, env\u00eden recomendaciones, promociones y ofertas de nuestros productos.<\/p>\n<p>En virtud de lo anterior, dichas personas no podr\u00e1n utilizar la informaci\u00f3n proporcionada por MRP CKD de manera diversa a la establecida en el presente Aviso de Privacidad. Estas transferencias de Datos Personales ser\u00e1n realizadas con todas las medidas de seguridad apropiadas, de conformidad con los principios contenidos en la Ley, su Reglamento y los Lineamientos del Aviso de Privacidad (en adelante y conjuntamente \u201cLa Legislaci\u00f3n\u201d).<\/p>\n<p>Sus Datos Personales ser\u00e1n tratados con base en los principios de licitud, consentimiento, informaci\u00f3n, calidad, finalidad, lealtad, proporcionalidad y responsabilidad en t\u00e9rminos de la Legislaci\u00f3n. Se mantendr\u00e1 la confidencialidad de sus datos personales estableciendo y manteniendo de forma efectiva las medidas de seguridad administrativas, t\u00e9cnicas y f\u00edsicas, para evitar su da\u00f1o, p\u00e9rdida, alteraci\u00f3n, destrucci\u00f3n, uso, acceso o divulgaci\u00f3n indebida.En caso de que ocurra una vulneraci\u00f3n de seguridad en cualquier fase del tratamiento de sus Datos Personales, MRP CKD lo har\u00e1 del conocimiento general, a trav\u00e9s de la siguiente p\u00e1gina de internet: <a href=\"https:\/\/mrp.com.mx\" target=\"_blank\" rel=\"noopener\">https:\/\/mrp.com.mx<\/a>, para que tome las medidas correspondientes a fin de resguardar sus derechos.<\/p>\n<p>En caso de que ocurra una vulneraci\u00f3n de seguridad en cualquier fase del tratamiento de sus Datos Personales, MRP CKD lo har\u00e1 del conocimiento general, a trav\u00e9s de la siguiente p\u00e1gina de internet: <a href=\"https:\/\/mrp.com.mx\" target=\"_blank\" rel=\"noopener\">https:\/\/mrp.com.mx<\/a>, para que tome las medidas correspondientes a fin de resguardar sus derechos.<\/p>\n<\/div>\n<p><\/p>\n<p><\/p>\n<div>\n<h6 class=\"wp-block-heading\"><strong>4. \u00bf<strong>C\u00f3mo puede limitar el uso o divulgaci\u00f3n de su informaci\u00f3n personal?<\/strong><\/strong><\/h6>\n<p><\/p>\n<p><\/p>\n<p>Usted puede limitar el uso y divulgaci\u00f3n de su informaci\u00f3n personal a trav\u00e9s de los siguientes medios que hemos instrumentado:<\/p>\n<ul>\n<li>Presentando su solicitud personalmente en nuestro domicilio dirigida a Privacidad MRP CKD en esta oficina.<\/li>\n<li>Enviando correo electr\u00f3nico a la siguiente direcci\u00f3n electr\u00f3nica: <a href=\"mailto:privacidad@mrp.com.mx\">privacidad@mrp.com.mx<\/a><\/li>\n<\/ul>\n<\/div>\n<p><\/p>\n<p><\/p>\n<div>\n<h6 class=\"wp-block-heading\"><strong>5. \u00bfC\u00f3mo acceder, rectificar, cancelar u oponerse al tratamiento de sus datos personales?<\/strong><\/h6>\n<p><\/p>\n<p><\/p>\n<p>El ejercicio de los derechos de acceso, rectificaci\u00f3n, cancelaci\u00f3n y oposici\u00f3n o la revocaci\u00f3n del consentimiento, podr\u00e1n efectuarse presentado una solicitud por escrito en nuestro domicilio dirigida a nuestro departamento de privacidad, o bien, v\u00eda correo electr\u00f3nico a privacidad@mrp.com.mx, en el entendido de que una vez plasmados en un convenio, contrato, orden de compra, etc. Ud. no podr\u00e1 ejercer sobre ellos ninguno de los referidos derechos, pudiendo hacerlo solamente respecto de los que se conservan en la base de datos de la empresa.<\/p>\n<\/div>\n<p><\/p>\n<p><\/p>\n<div>\n<h6 class=\"wp-block-heading\"><strong>6. \u00bfC\u00f3mo conocer los cambios al presente aviso de privacidad?<\/strong><\/h6>\n<p><\/p>\n<p><\/p>\n<p>El presente aviso de privacidad puede sufrir modificaciones, cambios o actualizaciones por lo cual nos comprometemos a mantenerlo informado de tal situaci\u00f3n a trav\u00e9s de alguno de los siguientes medios:<\/p>\n<ul>\n<li>Nuestra p\u00e1gina de internet\u00a0<a href=\"https:\/\/mrp.com.mx\/\">https:\/\/mrp.com.mx<\/a>.<\/li>\n<li>Notificaci\u00f3n a su correo electr\u00f3nico.<\/li>\n<li>En la primera comunicaci\u00f3n que tengamos con usted despu\u00e9s del cambio.<\/li>\n<\/ul>\n<\/div>\n<p><\/p>\n<p><\/p>\n<div>\n<h6 class=\"wp-block-heading\"><strong>7. \u00bfC\u00f3mo contactarnos?<\/strong><\/h6>\n<p><\/p>\n<p><\/p>\n<p>MRP CKD recaba y usa sus datos personales para el cumplimiento de las siguientes finalidades:<\/p>\n<ul>\n<li>Confirmar su identidad.<\/li>\n<li>Entender y atender sus necesidades de car\u00e1cter comercial.<\/li>\n<li>Otorgar seguridad y certeza jur\u00eddicas a los hechos y actos que celebra, como pueden ser operaciones traslativas de dominio relativas a compraventas, contratos promesa, contratos de arrendamiento, contratos de prestaci\u00f3n de servicios y o cualesquier otros documentos necesarios para la finalidad por la cual se acercaron a MRP CKD.<\/li>\n<li>Archivo de registros y expedientes de la relaci\u00f3n contractual para seguimiento de servicios futuros.<\/li>\n<li>Elaborar los instrumentos jur\u00eddicos de su inter\u00e9s.<\/li>\n<li>Cumplir con los requerimientos legales que le son aplicables.<\/li>\n<li>Verificar la informaci\u00f3n que nos proporciona.<\/li>\n<li>Dar cumplimiento a las disposiciones relativas en la legislaci\u00f3n vigente y aplicable.<\/li>\n<\/ul>\n<p><\/p>\n<p><\/p>\n<p>Tambi\u00e9n podremos tratar sus Datos Personales con las finalidades secundarias que a continuaci\u00f3n se enlistan. En caso de no estar de acuerdo con alguna de ellas, ser\u00e1 necesario que as\u00ed lo indique:<\/p>\n<ul>\n<li>Correo electr\u00f3nico\u00a0<a href=\"mailto:privacidad@mrp.com.mx\">privacidad@mrp.com.mx<\/a>;<\/li>\n<li>Al domicilio Paseo de Tamarindos 90, Torre II Piso 3, Col. Bosques de las Lomas, Alcald\u00eda Cuajimalpa de Morelos, C.P. 05120, Ciudad de M\u00e9xico;<\/li>\n<li>Tel\u00e9fono (52) 5553-50-44-80.<\/li>\n<\/ul>\n<p><\/p>\n<p><\/p>\n<p>Asimismo, ponemos a su entera disposici\u00f3n copias del presente aviso de privacidad en nuestro domicilio y en nuestra p\u00e1gina de internet <a href=\"https:\/\/mrp.com.mx\" target=\"_blank\" rel=\"noopener\">https:\/\/mrp.com.mx<\/a> secci\u00f3n \u201cPrivacidad\u201d.<\/p>\n<\/div>\n<p><\/p>\n<p><\/p>\n<div>\n<h6 class=\"wp-block-heading\"><strong>8. \u00bfAnte qui\u00e9n puede presentar sus quejas y denuncias por el tratamiento indebido de sus datos personales?<\/strong><\/h6>\n<p><\/p>\n<p><\/p>\n<p>Si despu\u00e9s de haber ejercido sus Derechos ARCO (Acceso, Rectificaci\u00f3n, Cancelaci\u00f3n, Oposici\u00f3n) ante MRP CKD por medio de los mecanismos establecidos en este Aviso de Privacidad, usted considera que la respuesta ha sido insatisfactoria o incompleta; o presume que su derecho de protecci\u00f3n de datos personales ha sido lesionado por alguna conducta o acci\u00f3n de nuestra parte; o cuenta con evidencia de que en el tratamiento de sus datos personales existe alguna violaci\u00f3n a las disposiciones previstas en la Ley podr\u00e1 interponer la queja o denuncia correspondiente ante el INAI. Para mayor informaci\u00f3n, visite: <a href=\"https:\/\/home.inai.org.mx\/\" target=\"_blank\" rel=\"noopener\">https:\/\/inai.org.mx<\/a>.<\/p>\n<\/div>\n<div>\n<p>Actualizaciones del aviso de privacidad. <br \/>\u00daltima revisi\u00f3n: 17 de noviembre de 2021.<\/p>\n<\/div>\t\t\t\t\t\t\t\t<\/div>\n\t\t\t\t<\/div>\n\t\t\t\t<div class=\"elementor-element elementor-element-1039722 de_scroll_animation_no elementor-widget elementor-widget-spacer\" data-id=\"1039722\" data-element_type=\"widget\" data-widget_type=\"spacer.default\">\n\t\t\t\t<div class=\"elementor-widget-container\">\n\t\t\t\t\t\t\t<div class=\"elementor-spacer\">\n\t\t\t<div class=\"elementor-spacer-inner\"><\/div>\n\t\t<\/div>\n\t\t\t\t\t\t<\/div>\n\t\t\t\t<\/div>\n\t\t\t\t\t<\/div>\n\t\t<\/div>\n\t\t\t\t\t<\/div>\n\t\t<\/section>\n\t\t\t\t<\/div>\n\t\t","protected":false},"excerpt":{"rendered":"<p>AVISO DE PRIVACIDAD MRP CKD La protecci\u00f3n de sus datos personales es muy importante para MRP CKD, S. de R.L. de C.V. (en lo sucesivo \u201cMRP CKD\u201d), raz\u00f3n por la cual, este AVISO DE PRIVACIDAD, elaborado para dar cumplimiento a la LEY FEDERAL DE PROTECCI\u00d3N DE DATOS PERSONALES EN POSESI\u00d3N DE LOS PARTICULARES (la \u201cLey\u201d), [&hellip;]<\/p>\n","protected":false},"author":1,"featured_media":9292,"parent":0,"menu_order":0,"comment_status":"closed","ping_status":"closed","template":"","meta":{"footnotes":""},"class_list":["post-3","page","type-page","status-publish","has-post-thumbnail","hentry"],"yoast_head":"<!-- This site is optimized with the Yoast SEO plugin v25.9 - https:\/\/yoast.com\/wordpress\/plugins\/seo\/ -->\n<title>MRP - Aviso de privacidad<\/title>\n<meta name=\"description\" content=\"La protecci\u00f3n de sus datos personales es muy importante para MRP CKD, S. de R.L. de C.V. (en lo sucesivo \u201cMRP CKD\u201d), raz\u00f3n por la cual...\" \/>\n<meta name=\"robots\" content=\"index, follow, max-snippet:-1, max-image-preview:large, max-video-preview:-1\" \/>\n<link rel=\"canonical\" href=\"https:\/\/mrp.com.mx\/realestate\/aviso-privacidad\/\" \/>\n<meta property=\"og:locale\" content=\"es_ES\" \/>\n<meta property=\"og:type\" content=\"article\" \/>\n<meta property=\"og:title\" content=\"MRP - Aviso de privacidad\" \/>\n<meta property=\"og:description\" content=\"La protecci\u00f3n de sus datos personales es muy importante para MRP CKD, S. de R.L. de C.V. (en lo sucesivo \u201cMRP CKD\u201d), raz\u00f3n por la cual...\" \/>\n<meta property=\"og:url\" content=\"https:\/\/mrp.com.mx\/realestate\/aviso-privacidad\/\" \/>\n<meta property=\"og:site_name\" content=\"MRP\" \/>\n<meta property=\"article:modified_time\" content=\"2022-08-05T18:27:44+00:00\" \/>\n<meta property=\"og:image\" content=\"https:\/\/mrp.com.mx\/realestate\/wp-content\/uploads\/2022\/08\/logo-mrp-img-des.jpg\" \/>\n\t<meta property=\"og:image:width\" content=\"900\" \/>\n\t<meta property=\"og:image:height\" content=\"1200\" \/>\n\t<meta property=\"og:image:type\" content=\"image\/jpeg\" \/>\n<meta name=\"twitter:card\" content=\"summary_large_image\" \/>\n<meta name=\"twitter:label1\" content=\"Tiempo de lectura\" \/>\n\t<meta name=\"twitter:data1\" content=\"7 minutos\" \/>\n<script type=\"application\/ld+json\" class=\"yoast-schema-graph\">{\"@context\":\"https:\/\/schema.org\",\"@graph\":[{\"@type\":\"WebPage\",\"@id\":\"https:\/\/mrp.com.mx\/realestate\/aviso-privacidad\/\",\"url\":\"https:\/\/mrp.com.mx\/realestate\/aviso-privacidad\/\",\"name\":\"MRP - Aviso de privacidad\",\"isPartOf\":{\"@id\":\"https:\/\/mrp.com.mx\/realestate\/#website\"},\"primaryImageOfPage\":{\"@id\":\"https:\/\/mrp.com.mx\/realestate\/aviso-privacidad\/#primaryimage\"},\"image\":{\"@id\":\"https:\/\/mrp.com.mx\/realestate\/aviso-privacidad\/#primaryimage\"},\"thumbnailUrl\":\"https:\/\/mrp.com.mx\/realestate\/wp-content\/uploads\/2022\/08\/logo-mrp-img-des.jpg\",\"datePublished\":\"2021-11-30T19:44:01+00:00\",\"dateModified\":\"2022-08-05T18:27:44+00:00\",\"description\":\"La protecci\u00f3n de sus datos personales es muy importante para MRP CKD, S. de R.L. de C.V. (en lo sucesivo \u201cMRP CKD\u201d), raz\u00f3n por la cual...\",\"breadcrumb\":{\"@id\":\"https:\/\/mrp.com.mx\/realestate\/aviso-privacidad\/#breadcrumb\"},\"inLanguage\":\"es\",\"potentialAction\":[{\"@type\":\"ReadAction\",\"target\":[\"https:\/\/mrp.com.mx\/realestate\/aviso-privacidad\/\"]}]},{\"@type\":\"ImageObject\",\"inLanguage\":\"es\",\"@id\":\"https:\/\/mrp.com.mx\/realestate\/aviso-privacidad\/#primaryimage\",\"url\":\"https:\/\/mrp.com.mx\/realestate\/wp-content\/uploads\/2022\/08\/logo-mrp-img-des.jpg\",\"contentUrl\":\"https:\/\/mrp.com.mx\/realestate\/wp-content\/uploads\/2022\/08\/logo-mrp-img-des.jpg\",\"width\":900,\"height\":1200},{\"@type\":\"BreadcrumbList\",\"@id\":\"https:\/\/mrp.com.mx\/realestate\/aviso-privacidad\/#breadcrumb\",\"itemListElement\":[{\"@type\":\"ListItem\",\"position\":1,\"name\":\"Portada\",\"item\":\"https:\/\/mrp.com.mx\/realestate\/\"},{\"@type\":\"ListItem\",\"position\":2,\"name\":\"Aviso de privacidad\"}]},{\"@type\":\"WebSite\",\"@id\":\"https:\/\/mrp.com.mx\/realestate\/#website\",\"url\":\"https:\/\/mrp.com.mx\/realestate\/\",\"name\":\"MRP\",\"description\":\"L\u00edderes en el desarrollo y operaci\u00f3n de proyectos inmobiliarios\",\"publisher\":{\"@id\":\"https:\/\/mrp.com.mx\/realestate\/#organization\"},\"potentialAction\":[{\"@type\":\"SearchAction\",\"target\":{\"@type\":\"EntryPoint\",\"urlTemplate\":\"https:\/\/mrp.com.mx\/realestate\/?s={search_term_string}\"},\"query-input\":{\"@type\":\"PropertyValueSpecification\",\"valueRequired\":true,\"valueName\":\"search_term_string\"}}],\"inLanguage\":\"es\"},{\"@type\":\"Organization\",\"@id\":\"https:\/\/mrp.com.mx\/realestate\/#organization\",\"name\":\"MRP\",\"url\":\"https:\/\/mrp.com.mx\/realestate\/\",\"logo\":{\"@type\":\"ImageObject\",\"inLanguage\":\"es\",\"@id\":\"https:\/\/mrp.com.mx\/realestate\/#\/schema\/logo\/image\/\",\"url\":\"https:\/\/mrp.com.mx\/realestate\/wp-content\/uploads\/2021\/12\/logo-MRP-blanco-110x110-1.png\",\"contentUrl\":\"https:\/\/mrp.com.mx\/realestate\/wp-content\/uploads\/2021\/12\/logo-MRP-blanco-110x110-1.png\",\"width\":110,\"height\":110,\"caption\":\"MRP\"},\"image\":{\"@id\":\"https:\/\/mrp.com.mx\/realestate\/#\/schema\/logo\/image\/\"}}]}<\/script>\n<!-- \/ Yoast SEO plugin. -->","yoast_head_json":{"title":"MRP - Aviso de privacidad","description":"La protecci\u00f3n de sus datos personales es muy importante para MRP CKD, S. de R.L. de C.V. (en lo sucesivo \u201cMRP CKD\u201d), raz\u00f3n por la cual...","robots":{"index":"index","follow":"follow","max-snippet":"max-snippet:-1","max-image-preview":"max-image-preview:large","max-video-preview":"max-video-preview:-1"},"canonical":"https:\/\/mrp.com.mx\/realestate\/aviso-privacidad\/","og_locale":"es_ES","og_type":"article","og_title":"MRP - Aviso de privacidad","og_description":"La protecci\u00f3n de sus datos personales es muy importante para MRP CKD, S. de R.L. de C.V. (en lo sucesivo \u201cMRP CKD\u201d), raz\u00f3n por la cual...","og_url":"https:\/\/mrp.com.mx\/realestate\/aviso-privacidad\/","og_site_name":"MRP","article_modified_time":"2022-08-05T18:27:44+00:00","og_image":[{"width":900,"height":1200,"url":"https:\/\/mrp.com.mx\/realestate\/wp-content\/uploads\/2022\/08\/logo-mrp-img-des.jpg","type":"image\/jpeg"}],"twitter_card":"summary_large_image","twitter_misc":{"Tiempo de lectura":"7 minutos"},"schema":{"@context":"https:\/\/schema.org","@graph":[{"@type":"WebPage","@id":"https:\/\/mrp.com.mx\/realestate\/aviso-privacidad\/","url":"https:\/\/mrp.com.mx\/realestate\/aviso-privacidad\/","name":"MRP - Aviso de privacidad","isPartOf":{"@id":"https:\/\/mrp.com.mx\/realestate\/#website"},"primaryImageOfPage":{"@id":"https:\/\/mrp.com.mx\/realestate\/aviso-privacidad\/#primaryimage"},"image":{"@id":"https:\/\/mrp.com.mx\/realestate\/aviso-privacidad\/#primaryimage"},"thumbnailUrl":"https:\/\/mrp.com.mx\/realestate\/wp-content\/uploads\/2022\/08\/logo-mrp-img-des.jpg","datePublished":"2021-11-30T19:44:01+00:00","dateModified":"2022-08-05T18:27:44+00:00","description":"La protecci\u00f3n de sus datos personales es muy importante para MRP CKD, S. de R.L. de C.V. (en lo sucesivo \u201cMRP CKD\u201d), raz\u00f3n por la cual...","breadcrumb":{"@id":"https:\/\/mrp.com.mx\/realestate\/aviso-privacidad\/#breadcrumb"},"inLanguage":"es","potentialAction":[{"@type":"ReadAction","target":["https:\/\/mrp.com.mx\/realestate\/aviso-privacidad\/"]}]},{"@type":"ImageObject","inLanguage":"es","@id":"https:\/\/mrp.com.mx\/realestate\/aviso-privacidad\/#primaryimage","url":"https:\/\/mrp.com.mx\/realestate\/wp-content\/uploads\/2022\/08\/logo-mrp-img-des.jpg","contentUrl":"https:\/\/mrp.com.mx\/realestate\/wp-content\/uploads\/2022\/08\/logo-mrp-img-des.jpg","width":900,"height":1200},{"@type":"BreadcrumbList","@id":"https:\/\/mrp.com.mx\/realestate\/aviso-privacidad\/#breadcrumb","itemListElement":[{"@type":"ListItem","position":1,"name":"Portada","item":"https:\/\/mrp.com.mx\/realestate\/"},{"@type":"ListItem","position":2,"name":"Aviso de privacidad"}]},{"@type":"WebSite","@id":"https:\/\/mrp.com.mx\/realestate\/#website","url":"https:\/\/mrp.com.mx\/realestate\/","name":"MRP","description":"L\u00edderes en el desarrollo y operaci\u00f3n de proyectos inmobiliarios","publisher":{"@id":"https:\/\/mrp.com.mx\/realestate\/#organization"},"potentialAction":[{"@type":"SearchAction","target":{"@type":"EntryPoint","urlTemplate":"https:\/\/mrp.com.mx\/realestate\/?s={search_term_string}"},"query-input":{"@type":"PropertyValueSpecification","valueRequired":true,"valueName":"search_term_string"}}],"inLanguage":"es"},{"@type":"Organization","@id":"https:\/\/mrp.com.mx\/realestate\/#organization","name":"MRP","url":"https:\/\/mrp.com.mx\/realestate\/","logo":{"@type":"ImageObject","inLanguage":"es","@id":"https:\/\/mrp.com.mx\/realestate\/#\/schema\/logo\/image\/","url":"https:\/\/mrp.com.mx\/realestate\/wp-content\/uploads\/2021\/12\/logo-MRP-blanco-110x110-1.png","contentUrl":"https:\/\/mrp.com.mx\/realestate\/wp-content\/uploads\/2021\/12\/logo-MRP-blanco-110x110-1.png","width":110,"height":110,"caption":"MRP"},"image":{"@id":"https:\/\/mrp.com.mx\/realestate\/#\/schema\/logo\/image\/"}}]}},"_links":{"self":[{"href":"https:\/\/mrp.com.mx\/realestate\/wp-json\/wp\/v2\/pages\/3","targetHints":{"allow":["GET"]}}],"collection":[{"href":"https:\/\/mrp.com.mx\/realestate\/wp-json\/wp\/v2\/pages"}],"about":[{"href":"https:\/\/mrp.com.mx\/realestate\/wp-json\/wp\/v2\/types\/page"}],"author":[{"embeddable":true,"href":"https:\/\/mrp.com.mx\/realestate\/wp-json\/wp\/v2\/users\/1"}],"replies":[{"embeddable":true,"href":"https:\/\/mrp.com.mx\/realestate\/wp-json\/wp\/v2\/comments?post=3"}],"version-history":[{"count":29,"href":"https:\/\/mrp.com.mx\/realestate\/wp-json\/wp\/v2\/pages\/3\/revisions"}],"predecessor-version":[{"id":9293,"href":"https:\/\/mrp.com.mx\/realestate\/wp-json\/wp\/v2\/pages\/3\/revisions\/9293"}],"wp:featuredmedia":[{"embeddable":true,"href":"https:\/\/mrp.com.mx\/realestate\/wp-json\/wp\/v2\/media\/9292"}],"wp:attachment":[{"href":"https:\/\/mrp.com.mx\/realestate\/wp-json\/wp\/v2\/media?parent=3"}],"curies":[{"name":"wp","href":"https:\/\/api.w.org\/{rel}","templated":true}]}}