{"id":205,"date":"2021-12-01T19:10:26","date_gmt":"2021-12-02T01:10:26","guid":{"rendered":"https:\/\/mrp.com.mx\/test\/?page_id=205"},"modified":"2022-08-04T11:25:26","modified_gmt":"2022-08-04T17:25:26","slug":"quienes-somos","status":"publish","type":"page","link":"https:\/\/mrp.com.mx\/test\/quienes-somos\/","title":{"rendered":"Qui\u00e9nes Somos"},"content":{"rendered":"\t\t<div data-elementor-type=\"wp-page\" data-elementor-id=\"205\" class=\"elementor elementor-205\">\n\t\t\t\t\t\t\t\t\t<section class=\"elementor-section elementor-top-section elementor-element elementor-element-dc7ae52 elementor-section-height-min-height elementor-section-boxed elementor-section-height-default elementor-section-items-middle\" data-id=\"dc7ae52\" data-element_type=\"section\" data-settings=\"{&quot;background_background&quot;:&quot;classic&quot;}\">\n\t\t\t\t\t\t\t<div class=\"elementor-background-overlay\"><\/div>\n\t\t\t\t\t\t\t<div class=\"elementor-container elementor-column-gap-wider\">\n\t\t\t\t\t<div class=\"elementor-column elementor-col-100 elementor-top-column elementor-element elementor-element-7d1c3b07\" data-id=\"7d1c3b07\" data-element_type=\"column\">\n\t\t\t<div class=\"elementor-widget-wrap elementor-element-populated\">\n\t\t\t\t\t\t\t\t<div class=\"elementor-element elementor-element-9a9072b elementor-align-right elementor-fixed de_scroll_animation_no elementor-widget elementor-widget-global elementor-global-2169 elementor-widget-button\" data-id=\"9a9072b\" data-element_type=\"widget\" data-settings=\"{&quot;_position&quot;:&quot;fixed&quot;}\" data-widget_type=\"button.default\">\n\t\t\t\t<div class=\"elementor-widget-container\">\n\t\t\t\t\t<div class=\"elementor-button-wrapper\">\n\t\t\t<a href=\"https:\/\/api.whatsapp.com\/send?phone=5215524038623\" target=\"_blank\" class=\"elementor-button-link elementor-button elementor-size-md\" role=\"button\">\n\t\t\t\t\t\t<span class=\"elementor-button-content-wrapper\">\n\t\t\t\t\t\t\t<span class=\"elementor-button-icon elementor-align-icon-left\">\n\t\t\t\t<i aria-hidden=\"true\" class=\"icon icon-whatsapp-2\"><\/i>\t\t\t<\/span>\n\t\t\t\t\t\t<span class=\"elementor-button-text\"><\/span>\n\t\t<\/span>\n\t\t\t\t\t<\/a>\n\t\t<\/div>\n\t\t\t\t<\/div>\n\t\t\t\t<\/div>\n\t\t\t\t\t<\/div>\n\t\t<\/div>\n\t\t\t\t\t\t\t<\/div>\n\t\t<\/section>\n\t\t\t\t<section class=\"elementor-section elementor-top-section elementor-element elementor-element-6793b1c9 elementor-reverse-mobile elementor-section-boxed elementor-section-height-default elementor-section-height-default\" data-id=\"6793b1c9\" data-element_type=\"section\" data-settings=\"{&quot;background_background&quot;:&quot;classic&quot;}\">\n\t\t\t\t\t\t<div class=\"elementor-container elementor-column-gap-wider\">\n\t\t\t\t\t<div class=\"elementor-column elementor-col-33 elementor-top-column elementor-element elementor-element-156fb692\" data-id=\"156fb692\" data-element_type=\"column\">\n\t\t\t<div class=\"elementor-widget-wrap elementor-element-populated\">\n\t\t\t\t\t\t\t\t<div class=\"elementor-element elementor-element-62d005ff de_scroll_animation_no elementor-widget elementor-widget-heading\" data-id=\"62d005ff\" data-element_type=\"widget\" data-settings=\"{&quot;motion_fx_motion_fx_scrolling&quot;:&quot;yes&quot;,&quot;motion_fx_translateY_effect&quot;:&quot;yes&quot;,&quot;motion_fx_translateY_speed&quot;:{&quot;unit&quot;:&quot;px&quot;,&quot;size&quot;:&quot;2.8&quot;,&quot;sizes&quot;:[]},&quot;motion_fx_translateY_affectedRange&quot;:{&quot;unit&quot;:&quot;%&quot;,&quot;size&quot;:&quot;&quot;,&quot;sizes&quot;:{&quot;start&quot;:&quot;15&quot;,&quot;end&quot;:&quot;50&quot;}},&quot;motion_fx_opacity_effect&quot;:&quot;yes&quot;,&quot;motion_fx_opacity_level&quot;:{&quot;unit&quot;:&quot;px&quot;,&quot;size&quot;:&quot;9.4&quot;,&quot;sizes&quot;:[]},&quot;motion_fx_opacity_range&quot;:{&quot;unit&quot;:&quot;%&quot;,&quot;size&quot;:&quot;&quot;,&quot;sizes&quot;:{&quot;start&quot;:&quot;25&quot;,&quot;end&quot;:&quot;47&quot;}},&quot;motion_fx_opacity_direction&quot;:&quot;out-in&quot;,&quot;motion_fx_devices&quot;:[&quot;desktop&quot;,&quot;tablet&quot;,&quot;mobile&quot;]}\" data-widget_type=\"heading.default\">\n\t\t\t\t<div class=\"elementor-widget-container\">\n\t\t\t<style>\/*! elementor - v3.8.1 - 13-11-2022 *\/\n.elementor-heading-title{padding:0;margin:0;line-height:1}.elementor-widget-heading .elementor-heading-title[class*=elementor-size-]>a{color:inherit;font-size:inherit;line-height:inherit}.elementor-widget-heading .elementor-heading-title.elementor-size-small{font-size:15px}.elementor-widget-heading .elementor-heading-title.elementor-size-medium{font-size:19px}.elementor-widget-heading .elementor-heading-title.elementor-size-large{font-size:29px}.elementor-widget-heading .elementor-heading-title.elementor-size-xl{font-size:39px}.elementor-widget-heading .elementor-heading-title.elementor-size-xxl{font-size:59px}<\/style><h2 class=\"elementor-heading-title elementor-size-default\">Qui\u00e9nes Somos<\/h2>\t\t<\/div>\n\t\t\t\t<\/div>\n\t\t\t\t<div class=\"elementor-element elementor-element-aa9e8fd de_scroll_animation_no elementor-widget elementor-widget-spacer\" data-id=\"aa9e8fd\" data-element_type=\"widget\" data-widget_type=\"spacer.default\">\n\t\t\t\t<div class=\"elementor-widget-container\">\n\t\t\t<style>\/*! elementor - v3.8.1 - 13-11-2022 *\/\n.elementor-column .elementor-spacer-inner{height:var(--spacer-size)}.e-con{--container-widget-width:100%}.e-con-inner>.elementor-widget-spacer,.e-con>.elementor-widget-spacer{width:var(--container-widget-width,var(--spacer-size));-ms-flex-item-align:stretch;align-self:stretch;-ms-flex-negative:0;flex-shrink:0}.e-con-inner>.elementor-widget-spacer>.elementor-widget-container,.e-con-inner>.elementor-widget-spacer>.elementor-widget-container>.elementor-spacer,.e-con>.elementor-widget-spacer>.elementor-widget-container,.e-con>.elementor-widget-spacer>.elementor-widget-container>.elementor-spacer{height:100%}.e-con-inner>.elementor-widget-spacer>.elementor-widget-container>.elementor-spacer>.elementor-spacer-inner,.e-con>.elementor-widget-spacer>.elementor-widget-container>.elementor-spacer>.elementor-spacer-inner{height:var(--container-widget-height,var(--spacer-size))}<\/style>\t\t<div class=\"elementor-spacer\">\n\t\t\t<div class=\"elementor-spacer-inner\"><\/div>\n\t\t<\/div>\n\t\t\t\t<\/div>\n\t\t\t\t<\/div>\n\t\t\t\t<div class=\"elementor-element elementor-element-1bdc76e de_scroll_animation_no elementor-widget elementor-widget-text-editor\" data-id=\"1bdc76e\" data-element_type=\"widget\" data-widget_type=\"text-editor.default\">\n\t\t\t\t<div class=\"elementor-widget-container\">\n\t\t\t<style>\/*! elementor - v3.8.1 - 13-11-2022 *\/\n.elementor-widget-text-editor.elementor-drop-cap-view-stacked .elementor-drop-cap{background-color:#818a91;color:#fff}.elementor-widget-text-editor.elementor-drop-cap-view-framed .elementor-drop-cap{color:#818a91;border:3px solid;background-color:transparent}.elementor-widget-text-editor:not(.elementor-drop-cap-view-default) .elementor-drop-cap{margin-top:8px}.elementor-widget-text-editor:not(.elementor-drop-cap-view-default) .elementor-drop-cap-letter{width:1em;height:1em}.elementor-widget-text-editor .elementor-drop-cap{float:left;text-align:center;line-height:1;font-size:50px}.elementor-widget-text-editor .elementor-drop-cap-letter{display:inline-block}<\/style>\t\t\t\t<strong>Fundada en 2003, Grupo MRP es un \u201dAdministrador de Activos Alternativos\u201d que construye plataformas y equipos para invertir en diversas clases de activos, respaldado por equipos distinguidos por su fortaleza, experiencia y especializaci\u00f3n, es l\u00edder en planeaci\u00f3n, estructuraci\u00f3n, adquisici\u00f3n, financiamiento y construcci\u00f3n en diversas industrias. <\/strong>\n\n<strong>A la fecha, Grupo MRP ha levantado exitosamente m\u00e1s de USD $3,650 MM de capital con <\/strong><strong>nueve fondos en cuatro diferentes clases de activos alternativos con cinco desinversiones exitosas.<\/strong>\t\t\t\t\t\t<\/div>\n\t\t\t\t<\/div>\n\t\t\t\t\t<\/div>\n\t\t<\/div>\n\t\t\t\t<div class=\"elementor-column elementor-col-33 elementor-top-column elementor-element elementor-element-5987d727\" data-id=\"5987d727\" data-element_type=\"column\">\n\t\t\t<div class=\"elementor-widget-wrap\">\n\t\t\t\t\t\t\t\t\t<\/div>\n\t\t<\/div>\n\t\t\t\t<div class=\"elementor-column elementor-col-33 elementor-top-column elementor-element elementor-element-398da585\" data-id=\"398da585\" data-element_type=\"column\" data-settings=\"{&quot;background_background&quot;:&quot;classic&quot;}\">\n\t\t\t<div class=\"elementor-widget-wrap elementor-element-populated\">\n\t\t\t\t\t\t\t\t<section class=\"elementor-section elementor-inner-section elementor-element elementor-element-14d912c3 elementor-section-height-min-height elementor-section-boxed elementor-section-height-default elementor-invisible\" data-id=\"14d912c3\" data-element_type=\"section\" data-settings=\"{&quot;background_background&quot;:&quot;classic&quot;,&quot;background_motion_fx_motion_fx_scrolling&quot;:&quot;yes&quot;,&quot;background_motion_fx_translateY_effect&quot;:&quot;yes&quot;,&quot;background_motion_fx_translateY_speed&quot;:{&quot;unit&quot;:&quot;px&quot;,&quot;size&quot;:&quot;5&quot;,&quot;sizes&quot;:[]},&quot;animation&quot;:&quot;fadeInRight&quot;,&quot;background_motion_fx_translateY_affectedRange&quot;:{&quot;unit&quot;:&quot;%&quot;,&quot;size&quot;:&quot;&quot;,&quot;sizes&quot;:{&quot;start&quot;:0,&quot;end&quot;:100}},&quot;background_motion_fx_devices&quot;:[&quot;desktop&quot;,&quot;tablet&quot;,&quot;mobile&quot;]}\">\n\t\t\t\t\t\t<div class=\"elementor-container elementor-column-gap-no\">\n\t\t\t\t\t<div class=\"elementor-column elementor-col-100 elementor-inner-column elementor-element elementor-element-7f9b4458 elementor-invisible\" data-id=\"7f9b4458\" data-element_type=\"column\" data-settings=\"{&quot;background_background&quot;:&quot;classic&quot;,&quot;animation&quot;:&quot;fadeInRight&quot;}\">\n\t\t\t<div class=\"elementor-widget-wrap\">\n\t\t\t\t\t\t\t\t\t<\/div>\n\t\t<\/div>\n\t\t\t\t\t\t\t<\/div>\n\t\t<\/section>\n\t\t\t\t\t<\/div>\n\t\t<\/div>\n\t\t\t\t\t\t\t<\/div>\n\t\t<\/section>\n\t\t\t\t<section class=\"elementor-section elementor-top-section elementor-element elementor-element-618fd4c7 elementor-section-boxed elementor-section-height-default elementor-section-height-default\" data-id=\"618fd4c7\" data-element_type=\"section\" data-settings=\"{&quot;background_background&quot;:&quot;classic&quot;}\">\n\t\t\t\t\t\t\t<div class=\"elementor-background-overlay\"><\/div>\n\t\t\t\t\t\t\t<div class=\"elementor-container elementor-column-gap-no\">\n\t\t\t\t\t<div class=\"elementor-column elementor-col-33 elementor-top-column elementor-element elementor-element-5dd03d9e\" data-id=\"5dd03d9e\" data-element_type=\"column\">\n\t\t\t<div class=\"elementor-widget-wrap\">\n\t\t\t\t\t\t\t\t\t<\/div>\n\t\t<\/div>\n\t\t\t\t<div class=\"elementor-column elementor-col-33 elementor-top-column elementor-element elementor-element-78ace80\" data-id=\"78ace80\" data-element_type=\"column\">\n\t\t\t<div class=\"elementor-widget-wrap elementor-element-populated\">\n\t\t\t\t\t\t\t\t<div class=\"elementor-element elementor-element-8161fa6 de_scroll_animation_no elementor-widget elementor-widget-heading\" data-id=\"8161fa6\" data-element_type=\"widget\" data-widget_type=\"heading.default\">\n\t\t\t\t<div class=\"elementor-widget-container\">\n\t\t\t<h2 class=\"elementor-heading-title elementor-size-default\">18 a\u00f1os de experiencia, 5 fondos y compromisos por USD 1,450 MM en capital<\/h2>\t\t<\/div>\n\t\t\t\t<\/div>\n\t\t\t\t\t<\/div>\n\t\t<\/div>\n\t\t\t\t<div class=\"elementor-column elementor-col-33 elementor-top-column elementor-element elementor-element-657f47b\" data-id=\"657f47b\" data-element_type=\"column\">\n\t\t\t<div class=\"elementor-widget-wrap\">\n\t\t\t\t\t\t\t\t\t<\/div>\n\t\t<\/div>\n\t\t\t\t\t\t\t<\/div>\n\t\t<\/section>\n\t\t\t\t<section class=\"elementor-section elementor-top-section elementor-element elementor-element-418d4281 elementor-section-boxed elementor-section-height-default elementor-section-height-default\" data-id=\"418d4281\" data-element_type=\"section\">\n\t\t\t\t\t\t<div class=\"elementor-container elementor-column-gap-wider\">\n\t\t\t\t\t<div class=\"elementor-column elementor-col-100 elementor-top-column elementor-element elementor-element-75e6a571\" data-id=\"75e6a571\" data-element_type=\"column\">\n\t\t\t<div class=\"elementor-widget-wrap elementor-element-populated\">\n\t\t\t\t\t\t\t\t<div class=\"elementor-element elementor-element-19fa1a13 elementor-aspect-ratio-169 de_scroll_animation_no elementor-widget elementor-widget-video\" data-id=\"19fa1a13\" data-element_type=\"widget\" data-settings=\"{&quot;youtube_url&quot;:&quot;https:\\\/\\\/youtu.be\\\/3QXXxly17j8&quot;,&quot;show_image_overlay&quot;:&quot;yes&quot;,&quot;image_overlay&quot;:{&quot;url&quot;:&quot;https:\\\/\\\/mrp.com.mx\\\/test\\\/wp-content\\\/uploads\\\/2021\\\/12\\\/quienes-somos-video.jpg&quot;,&quot;id&quot;:1274,&quot;alt&quot;:&quot;&quot;,&quot;source&quot;:&quot;library&quot;},&quot;lightbox&quot;:&quot;yes&quot;,&quot;motion_fx_motion_fx_scrolling&quot;:&quot;yes&quot;,&quot;motion_fx_translateX_effect&quot;:&quot;yes&quot;,&quot;motion_fx_translateX_speed&quot;:{&quot;unit&quot;:&quot;px&quot;,&quot;size&quot;:&quot;0.3&quot;,&quot;sizes&quot;:[]},&quot;motion_fx_translateX_affectedRange&quot;:{&quot;unit&quot;:&quot;%&quot;,&quot;size&quot;:&quot;&quot;,&quot;sizes&quot;:{&quot;start&quot;:&quot;0&quot;,&quot;end&quot;:&quot;55&quot;}},&quot;motion_fx_motion_fx_mouse&quot;:&quot;yes&quot;,&quot;motion_fx_tilt_effect&quot;:&quot;yes&quot;,&quot;motion_fx_tilt_speed&quot;:{&quot;unit&quot;:&quot;px&quot;,&quot;size&quot;:&quot;0.5&quot;,&quot;sizes&quot;:[]},&quot;video_type&quot;:&quot;youtube&quot;,&quot;controls&quot;:&quot;yes&quot;,&quot;aspect_ratio&quot;:&quot;169&quot;,&quot;motion_fx_devices&quot;:[&quot;desktop&quot;,&quot;tablet&quot;,&quot;mobile&quot;]}\" data-widget_type=\"video.default\">\n\t\t\t\t<div class=\"elementor-widget-container\">\n\t\t\t<style>\/*! elementor - v3.8.1 - 13-11-2022 *\/\n.elementor-widget-video .elementor-widget-container{overflow:hidden;-webkit-transform:translateZ(0);transform:translateZ(0)}.elementor-widget-video .elementor-open-inline .elementor-custom-embed-image-overlay{position:absolute;top:0;left:0;width:100%;height:100%;background-size:cover;background-position:50%}.elementor-widget-video .elementor-custom-embed-image-overlay{cursor:pointer;text-align:center}.elementor-widget-video .elementor-custom-embed-image-overlay:hover .elementor-custom-embed-play i{opacity:1}.elementor-widget-video .elementor-custom-embed-image-overlay img{display:block;width:100%}.elementor-widget-video .e-hosted-video .elementor-video{-o-object-fit:cover;object-fit:cover}.e-con-inner>.elementor-widget-video,.e-con>.elementor-widget-video{width:var(--container-widget-width,100%)}<\/style>\t\t<div class=\"elementor-wrapper elementor-open-lightbox\">\n\t\t\t\t\t\t\t<div class=\"elementor-custom-embed-image-overlay\" data-elementor-open-lightbox=\"yes\" data-elementor-lightbox=\"{&quot;type&quot;:&quot;video&quot;,&quot;videoType&quot;:&quot;youtube&quot;,&quot;url&quot;:&quot;https:\\\/\\\/www.youtube.com\\\/embed\\\/3QXXxly17j8?feature=oembed&amp;start&amp;end&amp;wmode=opaque&amp;loop=0&amp;controls=1&amp;mute=0&amp;rel=0&amp;modestbranding=0&quot;,&quot;modalOptions&quot;:{&quot;id&quot;:&quot;elementor-lightbox-19fa1a13&quot;,&quot;entranceAnimation&quot;:&quot;&quot;,&quot;entranceAnimation_tablet&quot;:&quot;&quot;,&quot;entranceAnimation_mobile&quot;:&quot;&quot;,&quot;videoAspectRatio&quot;:&quot;169&quot;}}\" e-action-hash=\"#elementor-action%3Aaction%3Dlightbox%26settings%3DeyJ0eXBlIjoidmlkZW8iLCJ2aWRlb1R5cGUiOiJ5b3V0dWJlIiwidXJsIjoiaHR0cHM6XC9cL3d3dy55b3V0dWJlLmNvbVwvZW1iZWRcLzNRWFh4bHkxN2o4P2ZlYXR1cmU9b2VtYmVkJnN0YXJ0JmVuZCZ3bW9kZT1vcGFxdWUmbG9vcD0wJmNvbnRyb2xzPTEmbXV0ZT0wJnJlbD0wJm1vZGVzdGJyYW5kaW5nPTAiLCJtb2RhbE9wdGlvbnMiOnsiaWQiOiJlbGVtZW50b3ItbGlnaHRib3gtMTlmYTFhMTMiLCJlbnRyYW5jZUFuaW1hdGlvbiI6IiIsImVudHJhbmNlQW5pbWF0aW9uX3RhYmxldCI6IiIsImVudHJhbmNlQW5pbWF0aW9uX21vYmlsZSI6IiIsInZpZGVvQXNwZWN0UmF0aW8iOiIxNjkifX0%3D\">\n\t\t\t\t\t\t\t\t\t\t\t<img decoding=\"async\" src=\"https:\/\/mrp.com.mx\/test\/wp-content\/uploads\/elementor\/thumbs\/quienes-somos-video-pt46ju6wivm411h0yzco5dl4udikb4cypv3v2r2a18.jpg\" title=\"quienes-somos-video\" alt=\"quienes-somos-video\" \/>\t\t\t\t\t\t\t\t\t\t\t\t\t\t\t\t<div class=\"elementor-custom-embed-play\" role=\"button\" aria-label=\"Reproducir v\u00eddeo\" tabindex=\"0\">\n\t\t\t\t\t\t\t<i aria-hidden=\"true\" class=\"eicon-play\"><\/i>\t\t\t\t\t\t\t<span class=\"elementor-screen-only\">Reproducir v\u00eddeo<\/span>\n\t\t\t\t\t\t<\/div>\n\t\t\t\t\t\t\t\t\t<\/div>\n\t\t\t\t\t<\/div>\n\t\t\t\t<\/div>\n\t\t\t\t<\/div>\n\t\t\t\t\t<\/div>\n\t\t<\/div>\n\t\t\t\t\t\t\t<\/div>\n\t\t<\/section>\n\t\t\t\t\t\t\t<\/div>\n\t\t","protected":false},"excerpt":{"rendered":"<p>Qui\u00e9nes Somos Fundada en 2003, Grupo MRP es un \u201dAdministrador de Activos Alternativos\u201d que construye plataformas y equipos para invertir en diversas clases de activos, respaldado por equipos distinguidos por su fortaleza, experiencia y especializaci\u00f3n, es l\u00edder en planeaci\u00f3n, estructuraci\u00f3n, adquisici\u00f3n, financiamiento y construcci\u00f3n en diversas industrias. A la fecha, Grupo MRP ha levantado exitosamente [&hellip;]<\/p>\n","protected":false},"author":1,"featured_media":1274,"parent":0,"menu_order":0,"comment_status":"closed","ping_status":"closed","template":"","meta":[],"yoast_head":"<!-- This site is optimized with the Yoast SEO plugin v19.11 - https:\/\/yoast.com\/wordpress\/plugins\/seo\/ -->\n<title>Grupo MRP - Qui\u00e9nes Somos<\/title>\n<meta name=\"description\" content=\"Fundada en 2003, Grupo MRP es un \u201dAdministrador de Activos Alternativos\u201d que construye plataformas y equipos para invertir en diversas...\" \/>\n<meta name=\"robots\" content=\"index, follow, max-snippet:-1, max-image-preview:large, max-video-preview:-1\" \/>\n<link rel=\"canonical\" href=\"https:\/\/mrp.com.mx\/test\/quienes-somos\/\" \/>\n<meta property=\"og:locale\" content=\"es_ES\" \/>\n<meta property=\"og:type\" content=\"article\" \/>\n<meta property=\"og:title\" content=\"Grupo MRP - Qui\u00e9nes Somos\" \/>\n<meta property=\"og:description\" content=\"Fundada en 2003, Grupo MRP es un \u201dAdministrador de Activos Alternativos\u201d que construye plataformas y equipos para invertir en diversas...\" \/>\n<meta property=\"og:url\" content=\"https:\/\/mrp.com.mx\/test\/quienes-somos\/\" \/>\n<meta property=\"og:site_name\" content=\"Grupo MRP\" \/>\n<meta property=\"article:modified_time\" content=\"2022-08-04T17:25:26+00:00\" \/>\n<meta property=\"og:image\" content=\"https:\/\/mrp.com.mx\/test\/wp-content\/uploads\/2021\/12\/quienes-somos-video.jpg\" \/>\n\t<meta property=\"og:image:width\" content=\"2300\" \/>\n\t<meta property=\"og:image:height\" content=\"1120\" \/>\n\t<meta property=\"og:image:type\" content=\"image\/jpeg\" \/>\n<meta name=\"twitter:card\" content=\"summary_large_image\" \/>\n<meta name=\"twitter:label1\" content=\"Tiempo de lectura\" \/>\n\t<meta name=\"twitter:data1\" content=\"1 minuto\" \/>\n<script type=\"application\/ld+json\" class=\"yoast-schema-graph\">{\"@context\":\"https:\/\/schema.org\",\"@graph\":[{\"@type\":\"WebPage\",\"@id\":\"https:\/\/mrp.com.mx\/test\/quienes-somos\/\",\"url\":\"https:\/\/mrp.com.mx\/test\/quienes-somos\/\",\"name\":\"Grupo MRP - Qui\u00e9nes Somos\",\"isPartOf\":{\"@id\":\"https:\/\/mrp.com.mx\/test\/#website\"},\"datePublished\":\"2021-12-02T01:10:26+00:00\",\"dateModified\":\"2022-08-04T17:25:26+00:00\",\"description\":\"Fundada en 2003, Grupo MRP es un \u201dAdministrador de Activos Alternativos\u201d que construye plataformas y equipos para invertir en diversas...\",\"breadcrumb\":{\"@id\":\"https:\/\/mrp.com.mx\/test\/quienes-somos\/#breadcrumb\"},\"inLanguage\":\"es\",\"potentialAction\":[{\"@type\":\"ReadAction\",\"target\":[\"https:\/\/mrp.com.mx\/test\/quienes-somos\/\"]}]},{\"@type\":\"BreadcrumbList\",\"@id\":\"https:\/\/mrp.com.mx\/test\/quienes-somos\/#breadcrumb\",\"itemListElement\":[{\"@type\":\"ListItem\",\"position\":1,\"name\":\"Portada\",\"item\":\"https:\/\/mrp.com.mx\/test\/\"},{\"@type\":\"ListItem\",\"position\":2,\"name\":\"Qui\u00e9nes Somos\"}]},{\"@type\":\"WebSite\",\"@id\":\"https:\/\/mrp.com.mx\/test\/#website\",\"url\":\"https:\/\/mrp.com.mx\/test\/\",\"name\":\"Grupo MRP\",\"description\":\"L\u00edderes en el planeaci\u00f3n, estructuraci\u00f3n, adquisici\u00f3n, financiamiento y construcci\u00f3n en diversas industrias\",\"publisher\":{\"@id\":\"https:\/\/mrp.com.mx\/test\/#organization\"},\"potentialAction\":[{\"@type\":\"SearchAction\",\"target\":{\"@type\":\"EntryPoint\",\"urlTemplate\":\"https:\/\/mrp.com.mx\/test\/?s={search_term_string}\"},\"query-input\":\"required name=search_term_string\"}],\"inLanguage\":\"es\"},{\"@type\":\"Organization\",\"@id\":\"https:\/\/mrp.com.mx\/test\/#organization\",\"name\":\"Grupo MRP\",\"url\":\"https:\/\/mrp.com.mx\/test\/\",\"logo\":{\"@type\":\"ImageObject\",\"inLanguage\":\"es\",\"@id\":\"https:\/\/mrp.com.mx\/test\/#\/schema\/logo\/image\/\",\"url\":\"https:\/\/mrp.com.mx\/test\/wp-content\/uploads\/2021\/12\/logo-MRP-blanco-110x110-1.png\",\"contentUrl\":\"https:\/\/mrp.com.mx\/test\/wp-content\/uploads\/2021\/12\/logo-MRP-blanco-110x110-1.png\",\"width\":110,\"height\":110,\"caption\":\"Grupo MRP\"},\"image\":{\"@id\":\"https:\/\/mrp.com.mx\/test\/#\/schema\/logo\/image\/\"}}]}<\/script>\n<!-- \/ Yoast SEO plugin. -->","yoast_head_json":{"title":"Grupo MRP - Qui\u00e9nes Somos","description":"Fundada en 2003, Grupo MRP es un \u201dAdministrador de Activos Alternativos\u201d que construye plataformas y equipos para invertir en diversas...","robots":{"index":"index","follow":"follow","max-snippet":"max-snippet:-1","max-image-preview":"max-image-preview:large","max-video-preview":"max-video-preview:-1"},"canonical":"https:\/\/mrp.com.mx\/test\/quienes-somos\/","og_locale":"es_ES","og_type":"article","og_title":"Grupo MRP - Qui\u00e9nes Somos","og_description":"Fundada en 2003, Grupo MRP es un \u201dAdministrador de Activos Alternativos\u201d que construye plataformas y equipos para invertir en diversas...","og_url":"https:\/\/mrp.com.mx\/test\/quienes-somos\/","og_site_name":"Grupo MRP","article_modified_time":"2022-08-04T17:25:26+00:00","og_image":[{"width":2300,"height":1120,"url":"https:\/\/mrp.com.mx\/test\/wp-content\/uploads\/2021\/12\/quienes-somos-video.jpg","type":"image\/jpeg"}],"twitter_card":"summary_large_image","twitter_misc":{"Tiempo de lectura":"1 minuto"},"schema":{"@context":"https:\/\/schema.org","@graph":[{"@type":"WebPage","@id":"https:\/\/mrp.com.mx\/test\/quienes-somos\/","url":"https:\/\/mrp.com.mx\/test\/quienes-somos\/","name":"Grupo MRP - Qui\u00e9nes Somos","isPartOf":{"@id":"https:\/\/mrp.com.mx\/test\/#website"},"datePublished":"2021-12-02T01:10:26+00:00","dateModified":"2022-08-04T17:25:26+00:00","description":"Fundada en 2003, Grupo MRP es un \u201dAdministrador de Activos Alternativos\u201d que construye plataformas y equipos para invertir en diversas...","breadcrumb":{"@id":"https:\/\/mrp.com.mx\/test\/quienes-somos\/#breadcrumb"},"inLanguage":"es","potentialAction":[{"@type":"ReadAction","target":["https:\/\/mrp.com.mx\/test\/quienes-somos\/"]}]},{"@type":"BreadcrumbList","@id":"https:\/\/mrp.com.mx\/test\/quienes-somos\/#breadcrumb","itemListElement":[{"@type":"ListItem","position":1,"name":"Portada","item":"https:\/\/mrp.com.mx\/test\/"},{"@type":"ListItem","position":2,"name":"Qui\u00e9nes Somos"}]},{"@type":"WebSite","@id":"https:\/\/mrp.com.mx\/test\/#website","url":"https:\/\/mrp.com.mx\/test\/","name":"Grupo MRP","description":"L\u00edderes en el planeaci\u00f3n, estructuraci\u00f3n, adquisici\u00f3n, financiamiento y construcci\u00f3n en diversas industrias","publisher":{"@id":"https:\/\/mrp.com.mx\/test\/#organization"},"potentialAction":[{"@type":"SearchAction","target":{"@type":"EntryPoint","urlTemplate":"https:\/\/mrp.com.mx\/test\/?s={search_term_string}"},"query-input":"required name=search_term_string"}],"inLanguage":"es"},{"@type":"Organization","@id":"https:\/\/mrp.com.mx\/test\/#organization","name":"Grupo MRP","url":"https:\/\/mrp.com.mx\/test\/","logo":{"@type":"ImageObject","inLanguage":"es","@id":"https:\/\/mrp.com.mx\/test\/#\/schema\/logo\/image\/","url":"https:\/\/mrp.com.mx\/test\/wp-content\/uploads\/2021\/12\/logo-MRP-blanco-110x110-1.png","contentUrl":"https:\/\/mrp.com.mx\/test\/wp-content\/uploads\/2021\/12\/logo-MRP-blanco-110x110-1.png","width":110,"height":110,"caption":"Grupo MRP"},"image":{"@id":"https:\/\/mrp.com.mx\/test\/#\/schema\/logo\/image\/"}}]}},"_links":{"self":[{"href":"https:\/\/mrp.com.mx\/test\/wp-json\/wp\/v2\/pages\/205"}],"collection":[{"href":"https:\/\/mrp.com.mx\/test\/wp-json\/wp\/v2\/pages"}],"about":[{"href":"https:\/\/mrp.com.mx\/test\/wp-json\/wp\/v2\/types\/page"}],"author":[{"embeddable":true,"href":"https:\/\/mrp.com.mx\/test\/wp-json\/wp\/v2\/users\/1"}],"replies":[{"embeddable":true,"href":"https:\/\/mrp.com.mx\/test\/wp-json\/wp\/v2\/comments?post=205"}],"version-history":[{"count":190,"href":"https:\/\/mrp.com.mx\/test\/wp-json\/wp\/v2\/pages\/205\/revisions"}],"predecessor-version":[{"id":3176,"href":"https:\/\/mrp.com.mx\/test\/wp-json\/wp\/v2\/pages\/205\/revisions\/3176"}],"wp:featuredmedia":[{"embeddable":true,"href":"https:\/\/mrp.com.mx\/test\/wp-json\/wp\/v2\/media\/1274"}],"wp:attachment":[{"href":"https:\/\/mrp.com.mx\/test\/wp-json\/wp\/v2\/media?parent=205"}],"curies":[{"name":"wp","href":"https:\/\/api.w.org\/{rel}","templated":true}]}}