{"id":2661,"date":"2022-05-26T23:43:56","date_gmt":"2022-05-27T05:43:56","guid":{"rendered":"https:\/\/mrp.com.mx\/test\/login\/"},"modified":"2022-08-04T11:14:32","modified_gmt":"2022-08-04T17:14:32","slug":"login","status":"publish","type":"page","link":"https:\/\/mrp.com.mx\/test\/login\/","title":{"rendered":"Login"},"content":{"rendered":"\t\t<div data-elementor-type=\"wp-page\" data-elementor-id=\"2661\" class=\"elementor elementor-2661\">\n\t\t\t\t\t\t\t\t\t<section class=\"elementor-section elementor-top-section elementor-element elementor-element-dca8344 elementor-section-full_width elementor-section-height-min-height elementor-section-height-default elementor-section-items-middle\" data-id=\"dca8344\" data-element_type=\"section\" data-settings=\"{&quot;background_background&quot;:&quot;classic&quot;}\">\n\t\t\t\t\t\t\t<div class=\"elementor-background-overlay\"><\/div>\n\t\t\t\t\t\t\t<div class=\"elementor-container elementor-column-gap-no\">\n\t\t\t\t\t<div class=\"elementor-column elementor-col-100 elementor-top-column elementor-element elementor-element-282c4aa\" data-id=\"282c4aa\" data-element_type=\"column\">\n\t\t\t<div class=\"elementor-widget-wrap\">\n\t\t\t\t\t\t\t\t\t<\/div>\n\t\t<\/div>\n\t\t\t\t\t\t\t<\/div>\n\t\t<\/section>\n\t\t\t\t<section class=\"elementor-section elementor-top-section elementor-element elementor-element-1f48fa02 elementor-section-boxed elementor-section-height-default elementor-section-height-default\" data-id=\"1f48fa02\" data-element_type=\"section\">\n\t\t\t\t\t\t<div class=\"elementor-container elementor-column-gap-default\">\n\t\t\t\t\t<div class=\"elementor-column elementor-col-100 elementor-top-column elementor-element elementor-element-1bf3a23f\" data-id=\"1bf3a23f\" data-element_type=\"column\">\n\t\t\t<div class=\"elementor-widget-wrap elementor-element-populated\">\n\t\t\t\t\t\t\t\t<div class=\"elementor-element elementor-element-22fbfe4f de_scroll_animation_no elementor-widget elementor-widget-shortcode\" data-id=\"22fbfe4f\" data-element_type=\"widget\" data-widget_type=\"shortcode.default\">\n\t\t\t\t<div class=\"elementor-widget-container\">\n\t\t\t\t\t<div class=\"elementor-shortcode\">\r\n<div class=\"um um-login um-2657\">\r\n\r\n\t<div class=\"um-form\">\r\n\r\n\t\t<form method=\"post\" action=\"\" autocomplete=\"off\">\r\n\r\n\t\t\t<div class=\"um-row _um_row_1 \" style=\"margin: 0 0 30px 0;\"><div class=\"um-col-121\"><div  id=\"um_field_2657_username\" class=\"um-field um-field-text  um-field-username um-field-text um-field-type_text\" data-key=\"username\"><div class=\"um-field-label\"><label for=\"username-2657\">Correo electr\u00f3nico<\/label><div class=\"um-clear\"><\/div><\/div><div class=\"um-field-area\"><input  autocomplete=\"off\" class=\"um-form-field valid \" type=\"text\" name=\"username-2657\" id=\"username-2657\" value=\"\" placeholder=\"\" data-validate=\"unique_username_or_email\" data-key=\"username\" \/>\r\n\r\n\t\t\t\t\t\t<\/div><\/div><div  id=\"um_field_2657_user_password\" class=\"um-field um-field-password  um-field-user_password um-field-password um-field-type_password\" data-key=\"user_password\"><div class=\"um-field-label\"><label for=\"user_password-2657\">Contrase\u00f1a<\/label><div class=\"um-clear\"><\/div><\/div><div class=\"um-field-area\"><input class=\"um-form-field valid \" type=\"password\" name=\"user_password-2657\" id=\"user_password-2657\" value=\"\" placeholder=\"\" data-validate=\"\" data-key=\"user_password\" \/>\r\n\r\n\t\t\t\t\t\t<\/div><\/div><\/div><div class=\"um-col-122\"><\/div><div class=\"um-clear\"><\/div><\/div>\t\t<input type=\"hidden\" name=\"form_id\" id=\"form_id_2657\" value=\"2657\" \/>\r\n\t\r\n\t<p class=\"um_request_name\">\r\n\t\t<label for=\"um_request_2657\">Only fill in if you are not human<\/label>\r\n\t\t<input type=\"hidden\" name=\"um_request\" id=\"um_request_2657\" class=\"input\" value=\"\" size=\"25\" autocomplete=\"off\" \/>\r\n\t<\/p>\r\n\r\n\t<input type=\"hidden\" id=\"_wpnonce\" name=\"_wpnonce\" value=\"5e0fc37db8\" \/><input type=\"hidden\" name=\"_wp_http_referer\" value=\"\/test\/wp-json\/wp\/v2\/pages\/2661\" \/>\n\t<div class=\"um-col-alt\">\n\n\t\t\n\t\t\t<div class=\"um-center\">\n\t\t\t\t<input type=\"submit\" value=\"Iniciar sesi\u00f3n\" class=\"um-button\" id=\"um-submit-btn\" \/>\n\t\t\t<\/div>\n\n\t\t\n\t\t<div class=\"um-clear\"><\/div>\n\n\t<\/div>\n\n\t\n\t<div class=\"um-col-alt-b\">\n\t\t<a href=\"https:\/\/mrp.com.mx\/test\/password-reset\/\" class=\"um-link-alt\">\n\t\t\t\u00bfHas olvidado tu contrase\u00f1a?\t\t<\/a>\n\t<\/div>\n\n\t\r\n\t\t<\/form>\r\n\r\n\t<\/div>\r\n\r\n<\/div><style type=\"text\/css\">\r\n.um-2657.um {\r\n\tmax-width: 450px;\r\n}<\/style>\r\n<\/div>\n\t\t\t\t<\/div>\n\t\t\t\t<\/div>\n\t\t\t\t\t<\/div>\n\t\t<\/div>\n\t\t\t\t\t\t\t<\/div>\n\t\t<\/section>\n\t\t\t\t\t\t\t<\/div>\n\t\t","protected":false},"excerpt":{"rendered":"","protected":false},"author":1,"featured_media":3147,"parent":0,"menu_order":0,"comment_status":"closed","ping_status":"closed","template":"","meta":[],"yoast_head":"<!-- This site is optimized with the Yoast SEO plugin v19.11 - https:\/\/yoast.com\/wordpress\/plugins\/seo\/ -->\n<title>Grupo MRP - Login<\/title>\n<meta name=\"robots\" content=\"index, follow, max-snippet:-1, max-image-preview:large, max-video-preview:-1\" \/>\n<link rel=\"canonical\" href=\"https:\/\/mrp.com.mx\/test\/login\/\" \/>\n<meta property=\"og:locale\" content=\"es_ES\" \/>\n<meta property=\"og:type\" content=\"article\" \/>\n<meta property=\"og:title\" content=\"Grupo MRP - Login\" \/>\n<meta property=\"og:url\" content=\"https:\/\/mrp.com.mx\/test\/login\/\" \/>\n<meta property=\"og:site_name\" content=\"Grupo MRP\" \/>\n<meta property=\"article:modified_time\" content=\"2022-08-04T17:14:32+00:00\" \/>\n<meta property=\"og:image\" content=\"https:\/\/mrp.com.mx\/test\/wp-content\/uploads\/2022\/06\/logo-mrp-img-des.jpg\" \/>\n\t<meta property=\"og:image:width\" content=\"900\" \/>\n\t<meta property=\"og:image:height\" content=\"1200\" \/>\n\t<meta property=\"og:image:type\" content=\"image\/jpeg\" \/>\n<meta name=\"twitter:card\" content=\"summary_large_image\" \/>\n<meta name=\"twitter:label1\" content=\"Tiempo de lectura\" \/>\n\t<meta name=\"twitter:data1\" content=\"1 minuto\" \/>\n<script type=\"application\/ld+json\" class=\"yoast-schema-graph\">{\"@context\":\"https:\/\/schema.org\",\"@graph\":[{\"@type\":\"WebPage\",\"@id\":\"https:\/\/mrp.com.mx\/test\/login\/\",\"url\":\"https:\/\/mrp.com.mx\/test\/login\/\",\"name\":\"Grupo MRP - Login\",\"isPartOf\":{\"@id\":\"https:\/\/mrp.com.mx\/test\/#website\"},\"datePublished\":\"2022-05-27T05:43:56+00:00\",\"dateModified\":\"2022-08-04T17:14:32+00:00\",\"breadcrumb\":{\"@id\":\"https:\/\/mrp.com.mx\/test\/login\/#breadcrumb\"},\"inLanguage\":\"es\",\"potentialAction\":[{\"@type\":\"ReadAction\",\"target\":[\"https:\/\/mrp.com.mx\/test\/login\/\"]}]},{\"@type\":\"BreadcrumbList\",\"@id\":\"https:\/\/mrp.com.mx\/test\/login\/#breadcrumb\",\"itemListElement\":[{\"@type\":\"ListItem\",\"position\":1,\"name\":\"Portada\",\"item\":\"https:\/\/mrp.com.mx\/test\/\"},{\"@type\":\"ListItem\",\"position\":2,\"name\":\"Login\"}]},{\"@type\":\"WebSite\",\"@id\":\"https:\/\/mrp.com.mx\/test\/#website\",\"url\":\"https:\/\/mrp.com.mx\/test\/\",\"name\":\"Grupo MRP\",\"description\":\"L\u00edderes en el planeaci\u00f3n, estructuraci\u00f3n, adquisici\u00f3n, financiamiento y construcci\u00f3n en diversas industrias\",\"publisher\":{\"@id\":\"https:\/\/mrp.com.mx\/test\/#organization\"},\"potentialAction\":[{\"@type\":\"SearchAction\",\"target\":{\"@type\":\"EntryPoint\",\"urlTemplate\":\"https:\/\/mrp.com.mx\/test\/?s={search_term_string}\"},\"query-input\":\"required name=search_term_string\"}],\"inLanguage\":\"es\"},{\"@type\":\"Organization\",\"@id\":\"https:\/\/mrp.com.mx\/test\/#organization\",\"name\":\"Grupo MRP\",\"url\":\"https:\/\/mrp.com.mx\/test\/\",\"logo\":{\"@type\":\"ImageObject\",\"inLanguage\":\"es\",\"@id\":\"https:\/\/mrp.com.mx\/test\/#\/schema\/logo\/image\/\",\"url\":\"https:\/\/mrp.com.mx\/test\/wp-content\/uploads\/2021\/12\/logo-MRP-blanco-110x110-1.png\",\"contentUrl\":\"https:\/\/mrp.com.mx\/test\/wp-content\/uploads\/2021\/12\/logo-MRP-blanco-110x110-1.png\",\"width\":110,\"height\":110,\"caption\":\"Grupo MRP\"},\"image\":{\"@id\":\"https:\/\/mrp.com.mx\/test\/#\/schema\/logo\/image\/\"}}]}<\/script>\n<!-- \/ Yoast SEO plugin. -->","yoast_head_json":{"title":"Grupo MRP - Login","robots":{"index":"index","follow":"follow","max-snippet":"max-snippet:-1","max-image-preview":"max-image-preview:large","max-video-preview":"max-video-preview:-1"},"canonical":"https:\/\/mrp.com.mx\/test\/login\/","og_locale":"es_ES","og_type":"article","og_title":"Grupo MRP - Login","og_url":"https:\/\/mrp.com.mx\/test\/login\/","og_site_name":"Grupo MRP","article_modified_time":"2022-08-04T17:14:32+00:00","og_image":[{"width":900,"height":1200,"url":"https:\/\/mrp.com.mx\/test\/wp-content\/uploads\/2022\/06\/logo-mrp-img-des.jpg","type":"image\/jpeg"}],"twitter_card":"summary_large_image","twitter_misc":{"Tiempo de lectura":"1 minuto"},"schema":{"@context":"https:\/\/schema.org","@graph":[{"@type":"WebPage","@id":"https:\/\/mrp.com.mx\/test\/login\/","url":"https:\/\/mrp.com.mx\/test\/login\/","name":"Grupo MRP - Login","isPartOf":{"@id":"https:\/\/mrp.com.mx\/test\/#website"},"datePublished":"2022-05-27T05:43:56+00:00","dateModified":"2022-08-04T17:14:32+00:00","breadcrumb":{"@id":"https:\/\/mrp.com.mx\/test\/login\/#breadcrumb"},"inLanguage":"es","potentialAction":[{"@type":"ReadAction","target":["https:\/\/mrp.com.mx\/test\/login\/"]}]},{"@type":"BreadcrumbList","@id":"https:\/\/mrp.com.mx\/test\/login\/#breadcrumb","itemListElement":[{"@type":"ListItem","position":1,"name":"Portada","item":"https:\/\/mrp.com.mx\/test\/"},{"@type":"ListItem","position":2,"name":"Login"}]},{"@type":"WebSite","@id":"https:\/\/mrp.com.mx\/test\/#website","url":"https:\/\/mrp.com.mx\/test\/","name":"Grupo MRP","description":"L\u00edderes en el planeaci\u00f3n, estructuraci\u00f3n, adquisici\u00f3n, financiamiento y construcci\u00f3n en diversas industrias","publisher":{"@id":"https:\/\/mrp.com.mx\/test\/#organization"},"potentialAction":[{"@type":"SearchAction","target":{"@type":"EntryPoint","urlTemplate":"https:\/\/mrp.com.mx\/test\/?s={search_term_string}"},"query-input":"required name=search_term_string"}],"inLanguage":"es"},{"@type":"Organization","@id":"https:\/\/mrp.com.mx\/test\/#organization","name":"Grupo MRP","url":"https:\/\/mrp.com.mx\/test\/","logo":{"@type":"ImageObject","inLanguage":"es","@id":"https:\/\/mrp.com.mx\/test\/#\/schema\/logo\/image\/","url":"https:\/\/mrp.com.mx\/test\/wp-content\/uploads\/2021\/12\/logo-MRP-blanco-110x110-1.png","contentUrl":"https:\/\/mrp.com.mx\/test\/wp-content\/uploads\/2021\/12\/logo-MRP-blanco-110x110-1.png","width":110,"height":110,"caption":"Grupo MRP"},"image":{"@id":"https:\/\/mrp.com.mx\/test\/#\/schema\/logo\/image\/"}}]}},"_links":{"self":[{"href":"https:\/\/mrp.com.mx\/test\/wp-json\/wp\/v2\/pages\/2661"}],"collection":[{"href":"https:\/\/mrp.com.mx\/test\/wp-json\/wp\/v2\/pages"}],"about":[{"href":"https:\/\/mrp.com.mx\/test\/wp-json\/wp\/v2\/types\/page"}],"author":[{"embeddable":true,"href":"https:\/\/mrp.com.mx\/test\/wp-json\/wp\/v2\/users\/1"}],"replies":[{"embeddable":true,"href":"https:\/\/mrp.com.mx\/test\/wp-json\/wp\/v2\/comments?post=2661"}],"version-history":[{"count":7,"href":"https:\/\/mrp.com.mx\/test\/wp-json\/wp\/v2\/pages\/2661\/revisions"}],"predecessor-version":[{"id":2679,"href":"https:\/\/mrp.com.mx\/test\/wp-json\/wp\/v2\/pages\/2661\/revisions\/2679"}],"wp:featuredmedia":[{"embeddable":true,"href":"https:\/\/mrp.com.mx\/test\/wp-json\/wp\/v2\/media\/3147"}],"wp:attachment":[{"href":"https:\/\/mrp.com.mx\/test\/wp-json\/wp\/v2\/media?parent=2661"}],"curies":[{"name":"wp","href":"https:\/\/api.w.org\/{rel}","templated":true}]}}