{"id":2666,"date":"2022-05-26T23:43:56","date_gmt":"2022-05-27T05:43:56","guid":{"rendered":"https:\/\/mrp.com.mx\/test\/password-reset\/"},"modified":"2022-08-04T11:27:45","modified_gmt":"2022-08-04T17:27:45","slug":"password-reset","status":"publish","type":"page","link":"https:\/\/mrp.com.mx\/test\/password-reset\/","title":{"rendered":"Restablecer la contrase\u00f1a"},"content":{"rendered":"\t\t<div data-elementor-type=\"wp-page\" data-elementor-id=\"2666\" class=\"elementor elementor-2666\">\n\t\t\t\t\t\t\t\t\t<section class=\"elementor-section elementor-top-section elementor-element elementor-element-9cb801f elementor-section-full_width elementor-section-height-min-height elementor-section-height-default elementor-section-items-middle\" data-id=\"9cb801f\" data-element_type=\"section\">\n\t\t\t\t\t\t<div class=\"elementor-container elementor-column-gap-no\">\n\t\t\t\t\t<div class=\"elementor-column elementor-col-100 elementor-top-column elementor-element elementor-element-1dee548\" data-id=\"1dee548\" data-element_type=\"column\">\n\t\t\t<div class=\"elementor-widget-wrap\">\n\t\t\t\t\t\t\t\t\t<\/div>\n\t\t<\/div>\n\t\t\t\t\t\t\t<\/div>\n\t\t<\/section>\n\t\t\t\t<section class=\"elementor-section elementor-top-section elementor-element elementor-element-381ae958 elementor-section-boxed elementor-section-height-default elementor-section-height-default\" data-id=\"381ae958\" data-element_type=\"section\">\n\t\t\t\t\t\t<div class=\"elementor-container elementor-column-gap-default\">\n\t\t\t\t\t<div class=\"elementor-column elementor-col-100 elementor-top-column elementor-element elementor-element-66362f0b\" data-id=\"66362f0b\" data-element_type=\"column\">\n\t\t\t<div class=\"elementor-widget-wrap elementor-element-populated\">\n\t\t\t\t\t\t\t\t<div class=\"elementor-element elementor-element-2638844f de_scroll_animation_no elementor-widget elementor-widget-text-editor\" data-id=\"2638844f\" data-element_type=\"widget\" data-widget_type=\"text-editor.default\">\n\t\t\t\t<div class=\"elementor-widget-container\">\n\t\t\t<style>\/*! elementor - v3.8.1 - 13-11-2022 *\/\n.elementor-widget-text-editor.elementor-drop-cap-view-stacked .elementor-drop-cap{background-color:#818a91;color:#fff}.elementor-widget-text-editor.elementor-drop-cap-view-framed .elementor-drop-cap{color:#818a91;border:3px solid;background-color:transparent}.elementor-widget-text-editor:not(.elementor-drop-cap-view-default) .elementor-drop-cap{margin-top:8px}.elementor-widget-text-editor:not(.elementor-drop-cap-view-default) .elementor-drop-cap-letter{width:1em;height:1em}.elementor-widget-text-editor .elementor-drop-cap{float:left;text-align:center;line-height:1;font-size:50px}.elementor-widget-text-editor .elementor-drop-cap-letter{display:inline-block}<\/style>\t\t\t\t\r\n<div class=\"um um-password um-um_password_id\">\r\n\t<div class=\"um-form\">\r\n\t\t<form method=\"post\" action=\"\">\r\n\t\t\t\r\n\t\t\t\t<input type=\"hidden\" name=\"_um_password_reset\" id=\"_um_password_reset\" value=\"1\" \/>\r\n\r\n\t\t\t\t\t\t\t\t\t<div class=\"um-field um-field-block um-field-type_block\">\r\n\t\t\t\t\t\t<div class=\"um-field-block\">\r\n\t\t\t\t\t\t\t<div style=\"text-align:center;\">\r\n\t\t\t\t\t\t\t\tPara restablecer tu contrase\u00f1a, por favor, introduce a continuaci\u00f3n tu direcci\u00f3n de correo electr\u00f3nico o nombre de usuario.\t\t\t\t\t\t\t<\/div>\r\n\t\t\t\t\t\t<\/div>\r\n\t\t\t\t\t<\/div>\r\n\t\t\t\t<div  id=\"um_field_um_password_id_username_b\" class=\"um-field um-field-text  um-field-username_b um-field-text um-field-type_text\" data-key=\"username_b\"><div class=\"um-field-area\"><input  autocomplete=\"off\" class=\"um-form-field valid \" type=\"text\" name=\"username_b\" id=\"username_b\" value=\"\" placeholder=\"Introduce tu nombre de usuario o correo electr\u00f3nico\" data-validate=\"\" data-key=\"username_b\" \/>\r\n\r\n\t\t\t\t\t\t<\/div><\/div>\r\n\t\t\t\t<div class=\"um-col-alt um-col-alt-b\">\r\n\r\n\t\t\t\t\t<div class=\"um-center\">\r\n\t\t\t\t\t\t<input type=\"submit\" value=\"Restablecer contrase\u00f1a\" class=\"um-button\" id=\"um-submit-btn\" \/>\r\n\t\t\t\t\t<\/div>\r\n\r\n\t\t\t\t\t<div class=\"um-clear\"><\/div>\r\n\r\n\t\t\t\t<\/div>\r\n\r\n\t\t\t\t\t\t<input type=\"hidden\" name=\"form_id\" id=\"form_id_um_password_id\" value=\"um_password_id\" \/>\r\n\t\r\n\t<p class=\"um_request_name\">\r\n\t\t<label for=\"um_request_um_password_id\">Only fill in if you are not human<\/label>\r\n\t\t<input type=\"hidden\" name=\"um_request\" id=\"um_request_um_password_id\" class=\"input\" value=\"\" size=\"25\" autocomplete=\"off\" \/>\r\n\t<\/p>\r\n\r\n\t\t\t<\/form>\r\n\t<\/div>\r\n<\/div>\r\n<style type=\"text\/css\">\r\n.um-um_password_id.um {\r\n\tmax-width: 450px;\r\n}<\/style>\r\n\t\t\t\t\t\t<\/div>\n\t\t\t\t<\/div>\n\t\t\t\t\t<\/div>\n\t\t<\/div>\n\t\t\t\t\t\t\t<\/div>\n\t\t<\/section>\n\t\t\t\t\t\t\t<\/div>\n\t\t","protected":false},"excerpt":{"rendered":"","protected":false},"author":1,"featured_media":3147,"parent":0,"menu_order":0,"comment_status":"closed","ping_status":"closed","template":"","meta":[],"yoast_head":"<!-- This site is optimized with the Yoast SEO plugin v19.11 - https:\/\/yoast.com\/wordpress\/plugins\/seo\/ -->\n<title>Grupo MRP - Restablecer la contrase\u00f1a<\/title>\n<meta name=\"robots\" content=\"index, follow, max-snippet:-1, max-image-preview:large, max-video-preview:-1\" \/>\n<link rel=\"canonical\" href=\"https:\/\/mrp.com.mx\/test\/password-reset\/\" \/>\n<meta property=\"og:locale\" content=\"es_ES\" \/>\n<meta property=\"og:type\" content=\"article\" \/>\n<meta property=\"og:title\" content=\"Grupo MRP - Restablecer la contrase\u00f1a\" \/>\n<meta property=\"og:url\" content=\"https:\/\/mrp.com.mx\/test\/password-reset\/\" \/>\n<meta property=\"og:site_name\" content=\"Grupo MRP\" \/>\n<meta property=\"article:modified_time\" content=\"2022-08-04T17:27:45+00:00\" \/>\n<meta property=\"og:image\" content=\"https:\/\/mrp.com.mx\/test\/wp-content\/uploads\/2022\/06\/logo-mrp-img-des.jpg\" \/>\n\t<meta property=\"og:image:width\" content=\"900\" \/>\n\t<meta property=\"og:image:height\" content=\"1200\" \/>\n\t<meta property=\"og:image:type\" content=\"image\/jpeg\" \/>\n<meta name=\"twitter:card\" content=\"summary_large_image\" \/>\n<meta name=\"twitter:label1\" content=\"Tiempo de lectura\" \/>\n\t<meta name=\"twitter:data1\" content=\"1 minuto\" \/>\n<script type=\"application\/ld+json\" class=\"yoast-schema-graph\">{\"@context\":\"https:\/\/schema.org\",\"@graph\":[{\"@type\":\"WebPage\",\"@id\":\"https:\/\/mrp.com.mx\/test\/password-reset\/\",\"url\":\"https:\/\/mrp.com.mx\/test\/password-reset\/\",\"name\":\"Grupo MRP - Restablecer la contrase\u00f1a\",\"isPartOf\":{\"@id\":\"https:\/\/mrp.com.mx\/test\/#website\"},\"datePublished\":\"2022-05-27T05:43:56+00:00\",\"dateModified\":\"2022-08-04T17:27:45+00:00\",\"breadcrumb\":{\"@id\":\"https:\/\/mrp.com.mx\/test\/password-reset\/#breadcrumb\"},\"inLanguage\":\"es\",\"potentialAction\":[{\"@type\":\"ReadAction\",\"target\":[\"https:\/\/mrp.com.mx\/test\/password-reset\/\"]}]},{\"@type\":\"BreadcrumbList\",\"@id\":\"https:\/\/mrp.com.mx\/test\/password-reset\/#breadcrumb\",\"itemListElement\":[{\"@type\":\"ListItem\",\"position\":1,\"name\":\"Portada\",\"item\":\"https:\/\/mrp.com.mx\/test\/\"},{\"@type\":\"ListItem\",\"position\":2,\"name\":\"Restablecer la contrase\u00f1a\"}]},{\"@type\":\"WebSite\",\"@id\":\"https:\/\/mrp.com.mx\/test\/#website\",\"url\":\"https:\/\/mrp.com.mx\/test\/\",\"name\":\"Grupo MRP\",\"description\":\"L\u00edderes en el planeaci\u00f3n, estructuraci\u00f3n, adquisici\u00f3n, financiamiento y construcci\u00f3n en diversas industrias\",\"publisher\":{\"@id\":\"https:\/\/mrp.com.mx\/test\/#organization\"},\"potentialAction\":[{\"@type\":\"SearchAction\",\"target\":{\"@type\":\"EntryPoint\",\"urlTemplate\":\"https:\/\/mrp.com.mx\/test\/?s={search_term_string}\"},\"query-input\":\"required name=search_term_string\"}],\"inLanguage\":\"es\"},{\"@type\":\"Organization\",\"@id\":\"https:\/\/mrp.com.mx\/test\/#organization\",\"name\":\"Grupo MRP\",\"url\":\"https:\/\/mrp.com.mx\/test\/\",\"logo\":{\"@type\":\"ImageObject\",\"inLanguage\":\"es\",\"@id\":\"https:\/\/mrp.com.mx\/test\/#\/schema\/logo\/image\/\",\"url\":\"https:\/\/mrp.com.mx\/test\/wp-content\/uploads\/2021\/12\/logo-MRP-blanco-110x110-1.png\",\"contentUrl\":\"https:\/\/mrp.com.mx\/test\/wp-content\/uploads\/2021\/12\/logo-MRP-blanco-110x110-1.png\",\"width\":110,\"height\":110,\"caption\":\"Grupo MRP\"},\"image\":{\"@id\":\"https:\/\/mrp.com.mx\/test\/#\/schema\/logo\/image\/\"}}]}<\/script>\n<!-- \/ Yoast SEO plugin. -->","yoast_head_json":{"title":"Grupo MRP - Restablecer la contrase\u00f1a","robots":{"index":"index","follow":"follow","max-snippet":"max-snippet:-1","max-image-preview":"max-image-preview:large","max-video-preview":"max-video-preview:-1"},"canonical":"https:\/\/mrp.com.mx\/test\/password-reset\/","og_locale":"es_ES","og_type":"article","og_title":"Grupo MRP - Restablecer la contrase\u00f1a","og_url":"https:\/\/mrp.com.mx\/test\/password-reset\/","og_site_name":"Grupo MRP","article_modified_time":"2022-08-04T17:27:45+00:00","og_image":[{"width":900,"height":1200,"url":"https:\/\/mrp.com.mx\/test\/wp-content\/uploads\/2022\/06\/logo-mrp-img-des.jpg","type":"image\/jpeg"}],"twitter_card":"summary_large_image","twitter_misc":{"Tiempo de lectura":"1 minuto"},"schema":{"@context":"https:\/\/schema.org","@graph":[{"@type":"WebPage","@id":"https:\/\/mrp.com.mx\/test\/password-reset\/","url":"https:\/\/mrp.com.mx\/test\/password-reset\/","name":"Grupo MRP - Restablecer la contrase\u00f1a","isPartOf":{"@id":"https:\/\/mrp.com.mx\/test\/#website"},"datePublished":"2022-05-27T05:43:56+00:00","dateModified":"2022-08-04T17:27:45+00:00","breadcrumb":{"@id":"https:\/\/mrp.com.mx\/test\/password-reset\/#breadcrumb"},"inLanguage":"es","potentialAction":[{"@type":"ReadAction","target":["https:\/\/mrp.com.mx\/test\/password-reset\/"]}]},{"@type":"BreadcrumbList","@id":"https:\/\/mrp.com.mx\/test\/password-reset\/#breadcrumb","itemListElement":[{"@type":"ListItem","position":1,"name":"Portada","item":"https:\/\/mrp.com.mx\/test\/"},{"@type":"ListItem","position":2,"name":"Restablecer la contrase\u00f1a"}]},{"@type":"WebSite","@id":"https:\/\/mrp.com.mx\/test\/#website","url":"https:\/\/mrp.com.mx\/test\/","name":"Grupo MRP","description":"L\u00edderes en el planeaci\u00f3n, estructuraci\u00f3n, adquisici\u00f3n, financiamiento y construcci\u00f3n en diversas industrias","publisher":{"@id":"https:\/\/mrp.com.mx\/test\/#organization"},"potentialAction":[{"@type":"SearchAction","target":{"@type":"EntryPoint","urlTemplate":"https:\/\/mrp.com.mx\/test\/?s={search_term_string}"},"query-input":"required name=search_term_string"}],"inLanguage":"es"},{"@type":"Organization","@id":"https:\/\/mrp.com.mx\/test\/#organization","name":"Grupo MRP","url":"https:\/\/mrp.com.mx\/test\/","logo":{"@type":"ImageObject","inLanguage":"es","@id":"https:\/\/mrp.com.mx\/test\/#\/schema\/logo\/image\/","url":"https:\/\/mrp.com.mx\/test\/wp-content\/uploads\/2021\/12\/logo-MRP-blanco-110x110-1.png","contentUrl":"https:\/\/mrp.com.mx\/test\/wp-content\/uploads\/2021\/12\/logo-MRP-blanco-110x110-1.png","width":110,"height":110,"caption":"Grupo MRP"},"image":{"@id":"https:\/\/mrp.com.mx\/test\/#\/schema\/logo\/image\/"}}]}},"_links":{"self":[{"href":"https:\/\/mrp.com.mx\/test\/wp-json\/wp\/v2\/pages\/2666"}],"collection":[{"href":"https:\/\/mrp.com.mx\/test\/wp-json\/wp\/v2\/pages"}],"about":[{"href":"https:\/\/mrp.com.mx\/test\/wp-json\/wp\/v2\/types\/page"}],"author":[{"embeddable":true,"href":"https:\/\/mrp.com.mx\/test\/wp-json\/wp\/v2\/users\/1"}],"replies":[{"embeddable":true,"href":"https:\/\/mrp.com.mx\/test\/wp-json\/wp\/v2\/comments?post=2666"}],"version-history":[{"count":9,"href":"https:\/\/mrp.com.mx\/test\/wp-json\/wp\/v2\/pages\/2666\/revisions"}],"predecessor-version":[{"id":2693,"href":"https:\/\/mrp.com.mx\/test\/wp-json\/wp\/v2\/pages\/2666\/revisions\/2693"}],"wp:featuredmedia":[{"embeddable":true,"href":"https:\/\/mrp.com.mx\/test\/wp-json\/wp\/v2\/media\/3147"}],"wp:attachment":[{"href":"https:\/\/mrp.com.mx\/test\/wp-json\/wp\/v2\/media?parent=2666"}],"curies":[{"name":"wp","href":"https:\/\/api.w.org\/{rel}","templated":true}]}}